{"id":9838,"date":"2023-11-06T10:39:25","date_gmt":"2023-11-06T09:39:25","guid":{"rendered":"https:\/\/les-formations-pocheco.com\/?post_type=product&#038;p=9838"},"modified":"2024-03-25T10:40:41","modified_gmt":"2024-03-25T09:40:41","slug":"conference-avec-olivier-remaud-le-livre-penser-comme-un-iceberg","status":"publish","type":"product","link":"https:\/\/les-formations-pocheco.com\/index.php\/produit\/conference-avec-olivier-remaud-le-livre-penser-comme-un-iceberg\/","title":{"rendered":"Conf\u00e9rence avec Olivier Remaud + le livre Penser comme un iceberg"},"content":{"rendered":"\t\t<div data-elementor-type=\"wp-post\" data-elementor-id=\"9838\" class=\"elementor elementor-9838\">\n\t\t\t\t\t\t<section class=\"elementor-section elementor-top-section elementor-element elementor-element-9a3a65e elementor-section-boxed elementor-section-height-default elementor-section-height-default\" data-id=\"9a3a65e\" data-element_type=\"section\">\n\t\t\t\t\t\t<div class=\"elementor-container elementor-column-gap-default\">\n\t\t\t\t\t<div class=\"elementor-column elementor-col-100 elementor-top-column elementor-element elementor-element-988e13a\" data-id=\"988e13a\" data-element_type=\"column\">\n\t\t\t<div class=\"elementor-widget-wrap elementor-element-populated\">\n\t\t\t\t\t\t<div class=\"elementor-element elementor-element-2c702fe elementor-widget elementor-widget-text-editor\" data-id=\"2c702fe\" data-element_type=\"widget\" data-widget_type=\"text-editor.default\">\n\t\t\t\t<div class=\"elementor-widget-container\">\n\t\t\t<style>\/*! elementor - v3.21.0 - 20-05-2024 *\/\n.elementor-widget-text-editor.elementor-drop-cap-view-stacked .elementor-drop-cap{background-color:#69727d;color:#fff}.elementor-widget-text-editor.elementor-drop-cap-view-framed .elementor-drop-cap{color:#69727d;border:3px solid;background-color:transparent}.elementor-widget-text-editor:not(.elementor-drop-cap-view-default) .elementor-drop-cap{margin-top:8px}.elementor-widget-text-editor:not(.elementor-drop-cap-view-default) .elementor-drop-cap-letter{width:1em;height:1em}.elementor-widget-text-editor .elementor-drop-cap{float:left;text-align:center;line-height:1;font-size:50px}.elementor-widget-text-editor .elementor-drop-cap-letter{display:inline-block}<\/style>\t\t\t\t<p>Soir\u00e9e conf\u00e9rence, le 23 novembre 2023 chez POCHECO, 13 rue des roloirs, 59510 Forest-sur-Marque.<br \/>Penser comme un iceberg, Coll Monde Sauvage, Actes-Sud (2020)\u00a0\u00a0<\/p>\t\t\t\t\t\t<\/div>\n\t\t\t\t<\/div>\n\t\t\t\t\t<\/div>\n\t\t<\/div>\n\t\t\t\t\t<\/div>\n\t\t<\/section>\n\t\t\t\t<section class=\"elementor-section elementor-top-section elementor-element elementor-element-90d94dd elementor-section-boxed elementor-section-height-default elementor-section-height-default\" data-id=\"90d94dd\" data-element_type=\"section\">\n\t\t\t\t\t\t<div class=\"elementor-container elementor-column-gap-default\">\n\t\t\t\t\t<div class=\"elementor-column elementor-col-33 elementor-top-column elementor-element elementor-element-1494cbd\" data-id=\"1494cbd\" data-element_type=\"column\">\n\t\t\t<div class=\"elementor-widget-wrap elementor-element-populated\">\n\t\t\t\t\t\t<div class=\"elementor-element elementor-element-3a30142 elementor-widget elementor-widget-text-editor\" data-id=\"3a30142\" data-element_type=\"widget\" data-widget_type=\"text-editor.default\">\n\t\t\t\t<div class=\"elementor-widget-container\">\n\t\t\t\t\t\t\t<p>Programme\u00a0:<\/p><ul><li>Visite de Pocheco de 17h00 \u00e0 18h30<\/li><li>Conf\u00e9rence d\u2019Olivier Remaud de 19h \u00e0 20h30<\/li><li>Cocktail Dinatoire \u00e0 partir de 20h30<\/li><\/ul>\t\t\t\t\t\t<\/div>\n\t\t\t\t<\/div>\n\t\t\t\t\t<\/div>\n\t\t<\/div>\n\t\t\t\t<div class=\"elementor-column elementor-col-33 elementor-top-column elementor-element elementor-element-1d01544\" data-id=\"1d01544\" data-element_type=\"column\">\n\t\t\t<div class=\"elementor-widget-wrap\">\n\t\t\t\t\t\t\t<\/div>\n\t\t<\/div>\n\t\t\t\t<div class=\"elementor-column elementor-col-33 elementor-top-column elementor-element elementor-element-117f425\" data-id=\"117f425\" data-element_type=\"column\">\n\t\t\t<div class=\"elementor-widget-wrap\">\n\t\t\t\t\t\t\t<\/div>\n\t\t<\/div>\n\t\t\t\t\t<\/div>\n\t\t<\/section>\n\t\t\t\t<\/div>\n\t\t","protected":false},"excerpt":{"rendered":"<p>Soir\u00e9e conf\u00e9rence, le 23 novembre 2023 chez POCHECO, 13 rue des roloirs, 59510 Forest-sur-Marque.Penser comme un iceberg, Coll Monde Sauvage, Actes-Sud (2020)\u00a0\u00a0 Programme\u00a0: Visite de Pocheco de 17h00 \u00e0 18h30&hellip;&nbsp;<a href=\"https:\/\/les-formations-pocheco.com\/index.php\/produit\/conference-avec-olivier-remaud-le-livre-penser-comme-un-iceberg\/\" class=\"\" rel=\"bookmark\">Lire la suite &raquo;<span class=\"screen-reader-text\">Conf\u00e9rence avec Olivier Remaud + le livre Penser comme un iceberg<\/span><\/a><\/p>\n","protected":false},"featured_media":9858,"template":"","meta":{"_exactmetrics_skip_tracking":false,"_exactmetrics_sitenote_active":false,"_exactmetrics_sitenote_note":"","_exactmetrics_sitenote_category":0,"neve_meta_sidebar":"","neve_meta_container":"","neve_meta_enable_content_width":"off","neve_meta_content_width":100,"neve_meta_title_alignment":"","neve_meta_author_avatar":"","neve_post_elements_order":"","neve_meta_disable_header":"","neve_meta_disable_footer":"","neve_meta_disable_title":""},"product_cat":[111],"product_tag":[],"yoast_head":"<!-- This site is optimized with the Yoast SEO plugin v22.4 - https:\/\/yoast.com\/wordpress\/plugins\/seo\/ -->\n<title>Conf\u00e9rence avec Olivier Remaud + le livre Penser comme un iceberg - Les formations Pocheco<\/title>\n<meta name=\"robots\" content=\"index, follow, max-snippet:-1, max-image-preview:large, max-video-preview:-1\" \/>\n<link rel=\"canonical\" href=\"https:\/\/les-formations-pocheco.com\/index.php\/produit\/conference-avec-olivier-remaud-le-livre-penser-comme-un-iceberg\/\" \/>\n<meta property=\"og:locale\" content=\"fr_FR\" \/>\n<meta property=\"og:type\" content=\"article\" \/>\n<meta property=\"og:title\" content=\"Conf\u00e9rence avec Olivier Remaud + le livre Penser comme un iceberg - Les formations Pocheco\" \/>\n<meta property=\"og:description\" content=\"Soir\u00e9e conf\u00e9rence, le 23 novembre 2023 chez POCHECO, 13 rue des roloirs, 59510 Forest-sur-Marque.Penser comme un iceberg, Coll Monde Sauvage, Actes-Sud (2020)\u00a0\u00a0 Programme\u00a0: Visite de Pocheco de 17h00 \u00e0 18h30&hellip;&nbsp;Lire la suite &raquo;Conf\u00e9rence avec Olivier Remaud + le livre Penser comme un iceberg\" \/>\n<meta property=\"og:url\" content=\"https:\/\/les-formations-pocheco.com\/index.php\/produit\/conference-avec-olivier-remaud-le-livre-penser-comme-un-iceberg\/\" \/>\n<meta property=\"og:site_name\" content=\"Les formations Pocheco\" \/>\n<meta property=\"article:modified_time\" content=\"2024-03-25T09:40:41+00:00\" \/>\n<meta property=\"og:image\" content=\"https:\/\/les-formations-pocheco.com\/wp-content\/uploads\/2023\/11\/visu-panier-3b.jpg\" \/>\n\t<meta property=\"og:image:width\" content=\"1614\" \/>\n\t<meta property=\"og:image:height\" content=\"1077\" \/>\n\t<meta property=\"og:image:type\" content=\"image\/jpeg\" \/>\n<meta name=\"twitter:card\" content=\"summary_large_image\" \/>\n<meta name=\"twitter:label1\" content=\"Dur\u00e9e de lecture estim\u00e9e\" \/>\n\t<meta name=\"twitter:data1\" content=\"1 minute\" \/>\n<script type=\"application\/ld+json\" class=\"yoast-schema-graph\">{\"@context\":\"https:\/\/schema.org\",\"@graph\":[{\"@type\":\"WebPage\",\"@id\":\"https:\/\/les-formations-pocheco.com\/index.php\/produit\/conference-avec-olivier-remaud-le-livre-penser-comme-un-iceberg\/\",\"url\":\"https:\/\/les-formations-pocheco.com\/index.php\/produit\/conference-avec-olivier-remaud-le-livre-penser-comme-un-iceberg\/\",\"name\":\"Conf\u00e9rence avec Olivier Remaud + le livre Penser comme un iceberg - Les formations Pocheco\",\"isPartOf\":{\"@id\":\"https:\/\/les-formations-pocheco.com\/#website\"},\"primaryImageOfPage\":{\"@id\":\"https:\/\/les-formations-pocheco.com\/index.php\/produit\/conference-avec-olivier-remaud-le-livre-penser-comme-un-iceberg\/#primaryimage\"},\"image\":{\"@id\":\"https:\/\/les-formations-pocheco.com\/index.php\/produit\/conference-avec-olivier-remaud-le-livre-penser-comme-un-iceberg\/#primaryimage\"},\"thumbnailUrl\":\"https:\/\/les-formations-pocheco.com\/wp-content\/uploads\/2023\/11\/visu-panier-3b.jpg\",\"datePublished\":\"2023-11-06T09:39:25+00:00\",\"dateModified\":\"2024-03-25T09:40:41+00:00\",\"breadcrumb\":{\"@id\":\"https:\/\/les-formations-pocheco.com\/index.php\/produit\/conference-avec-olivier-remaud-le-livre-penser-comme-un-iceberg\/#breadcrumb\"},\"inLanguage\":\"fr-FR\",\"potentialAction\":[{\"@type\":\"ReadAction\",\"target\":[\"https:\/\/les-formations-pocheco.com\/index.php\/produit\/conference-avec-olivier-remaud-le-livre-penser-comme-un-iceberg\/\"]}]},{\"@type\":\"ImageObject\",\"inLanguage\":\"fr-FR\",\"@id\":\"https:\/\/les-formations-pocheco.com\/index.php\/produit\/conference-avec-olivier-remaud-le-livre-penser-comme-un-iceberg\/#primaryimage\",\"url\":\"https:\/\/les-formations-pocheco.com\/wp-content\/uploads\/2023\/11\/visu-panier-3b.jpg\",\"contentUrl\":\"https:\/\/les-formations-pocheco.com\/wp-content\/uploads\/2023\/11\/visu-panier-3b.jpg\",\"width\":1614,\"height\":1077},{\"@type\":\"BreadcrumbList\",\"@id\":\"https:\/\/les-formations-pocheco.com\/index.php\/produit\/conference-avec-olivier-remaud-le-livre-penser-comme-un-iceberg\/#breadcrumb\",\"itemListElement\":[{\"@type\":\"ListItem\",\"position\":1,\"name\":\"Accueil\",\"item\":\"https:\/\/les-formations-pocheco.com\/\"},{\"@type\":\"ListItem\",\"position\":2,\"name\":\"Boutique\",\"item\":\"https:\/\/les-formations-pocheco.com\/index.php\/boutique\/\"},{\"@type\":\"ListItem\",\"position\":3,\"name\":\"Conf\u00e9rence avec Olivier Remaud + le livre Penser comme un iceberg\"}]},{\"@type\":\"WebSite\",\"@id\":\"https:\/\/les-formations-pocheco.com\/#website\",\"url\":\"https:\/\/les-formations-pocheco.com\/\",\"name\":\"Les formations Pocheco\",\"description\":\"\",\"publisher\":{\"@id\":\"https:\/\/les-formations-pocheco.com\/#organization\"},\"potentialAction\":[{\"@type\":\"SearchAction\",\"target\":{\"@type\":\"EntryPoint\",\"urlTemplate\":\"https:\/\/les-formations-pocheco.com\/?s={search_term_string}\"},\"query-input\":\"required name=search_term_string\"}],\"inLanguage\":\"fr-FR\"},{\"@type\":\"Organization\",\"@id\":\"https:\/\/les-formations-pocheco.com\/#organization\",\"name\":\"Les formations Pocheco\",\"url\":\"https:\/\/les-formations-pocheco.com\/\",\"logo\":{\"@type\":\"ImageObject\",\"inLanguage\":\"fr-FR\",\"@id\":\"https:\/\/les-formations-pocheco.com\/#\/schema\/logo\/image\/\",\"url\":\"https:\/\/les-formations-pocheco.com\/wp-content\/uploads\/2021\/10\/formations.png\",\"contentUrl\":\"https:\/\/les-formations-pocheco.com\/wp-content\/uploads\/2021\/10\/formations.png\",\"width\":500,\"height\":300,\"caption\":\"Les formations Pocheco\"},\"image\":{\"@id\":\"https:\/\/les-formations-pocheco.com\/#\/schema\/logo\/image\/\"}}]}<\/script>\n<!-- \/ Yoast SEO plugin. -->","yoast_head_json":{"title":"Conf\u00e9rence avec Olivier Remaud + le livre Penser comme un iceberg - Les formations Pocheco","robots":{"index":"index","follow":"follow","max-snippet":"max-snippet:-1","max-image-preview":"max-image-preview:large","max-video-preview":"max-video-preview:-1"},"canonical":"https:\/\/les-formations-pocheco.com\/index.php\/produit\/conference-avec-olivier-remaud-le-livre-penser-comme-un-iceberg\/","og_locale":"fr_FR","og_type":"article","og_title":"Conf\u00e9rence avec Olivier Remaud + le livre Penser comme un iceberg - Les formations Pocheco","og_description":"Soir\u00e9e conf\u00e9rence, le 23 novembre 2023 chez POCHECO, 13 rue des roloirs, 59510 Forest-sur-Marque.Penser comme un iceberg, Coll Monde Sauvage, Actes-Sud (2020)\u00a0\u00a0 Programme\u00a0: Visite de Pocheco de 17h00 \u00e0 18h30&hellip;&nbsp;Lire la suite &raquo;Conf\u00e9rence avec Olivier Remaud + le livre Penser comme un iceberg","og_url":"https:\/\/les-formations-pocheco.com\/index.php\/produit\/conference-avec-olivier-remaud-le-livre-penser-comme-un-iceberg\/","og_site_name":"Les formations Pocheco","article_modified_time":"2024-03-25T09:40:41+00:00","og_image":[{"width":1614,"height":1077,"url":"https:\/\/les-formations-pocheco.com\/wp-content\/uploads\/2023\/11\/visu-panier-3b.jpg","type":"image\/jpeg"}],"twitter_card":"summary_large_image","twitter_misc":{"Dur\u00e9e de lecture estim\u00e9e":"1 minute"},"schema":{"@context":"https:\/\/schema.org","@graph":[{"@type":"WebPage","@id":"https:\/\/les-formations-pocheco.com\/index.php\/produit\/conference-avec-olivier-remaud-le-livre-penser-comme-un-iceberg\/","url":"https:\/\/les-formations-pocheco.com\/index.php\/produit\/conference-avec-olivier-remaud-le-livre-penser-comme-un-iceberg\/","name":"Conf\u00e9rence avec Olivier Remaud + le livre Penser comme un iceberg - Les formations Pocheco","isPartOf":{"@id":"https:\/\/les-formations-pocheco.com\/#website"},"primaryImageOfPage":{"@id":"https:\/\/les-formations-pocheco.com\/index.php\/produit\/conference-avec-olivier-remaud-le-livre-penser-comme-un-iceberg\/#primaryimage"},"image":{"@id":"https:\/\/les-formations-pocheco.com\/index.php\/produit\/conference-avec-olivier-remaud-le-livre-penser-comme-un-iceberg\/#primaryimage"},"thumbnailUrl":"https:\/\/les-formations-pocheco.com\/wp-content\/uploads\/2023\/11\/visu-panier-3b.jpg","datePublished":"2023-11-06T09:39:25+00:00","dateModified":"2024-03-25T09:40:41+00:00","breadcrumb":{"@id":"https:\/\/les-formations-pocheco.com\/index.php\/produit\/conference-avec-olivier-remaud-le-livre-penser-comme-un-iceberg\/#breadcrumb"},"inLanguage":"fr-FR","potentialAction":[{"@type":"ReadAction","target":["https:\/\/les-formations-pocheco.com\/index.php\/produit\/conference-avec-olivier-remaud-le-livre-penser-comme-un-iceberg\/"]}]},{"@type":"ImageObject","inLanguage":"fr-FR","@id":"https:\/\/les-formations-pocheco.com\/index.php\/produit\/conference-avec-olivier-remaud-le-livre-penser-comme-un-iceberg\/#primaryimage","url":"https:\/\/les-formations-pocheco.com\/wp-content\/uploads\/2023\/11\/visu-panier-3b.jpg","contentUrl":"https:\/\/les-formations-pocheco.com\/wp-content\/uploads\/2023\/11\/visu-panier-3b.jpg","width":1614,"height":1077},{"@type":"BreadcrumbList","@id":"https:\/\/les-formations-pocheco.com\/index.php\/produit\/conference-avec-olivier-remaud-le-livre-penser-comme-un-iceberg\/#breadcrumb","itemListElement":[{"@type":"ListItem","position":1,"name":"Accueil","item":"https:\/\/les-formations-pocheco.com\/"},{"@type":"ListItem","position":2,"name":"Boutique","item":"https:\/\/les-formations-pocheco.com\/index.php\/boutique\/"},{"@type":"ListItem","position":3,"name":"Conf\u00e9rence avec Olivier Remaud + le livre Penser comme un iceberg"}]},{"@type":"WebSite","@id":"https:\/\/les-formations-pocheco.com\/#website","url":"https:\/\/les-formations-pocheco.com\/","name":"Les formations Pocheco","description":"","publisher":{"@id":"https:\/\/les-formations-pocheco.com\/#organization"},"potentialAction":[{"@type":"SearchAction","target":{"@type":"EntryPoint","urlTemplate":"https:\/\/les-formations-pocheco.com\/?s={search_term_string}"},"query-input":"required name=search_term_string"}],"inLanguage":"fr-FR"},{"@type":"Organization","@id":"https:\/\/les-formations-pocheco.com\/#organization","name":"Les formations Pocheco","url":"https:\/\/les-formations-pocheco.com\/","logo":{"@type":"ImageObject","inLanguage":"fr-FR","@id":"https:\/\/les-formations-pocheco.com\/#\/schema\/logo\/image\/","url":"https:\/\/les-formations-pocheco.com\/wp-content\/uploads\/2021\/10\/formations.png","contentUrl":"https:\/\/les-formations-pocheco.com\/wp-content\/uploads\/2021\/10\/formations.png","width":500,"height":300,"caption":"Les formations Pocheco"},"image":{"@id":"https:\/\/les-formations-pocheco.com\/#\/schema\/logo\/image\/"}}]}},"_links":{"self":[{"href":"https:\/\/les-formations-pocheco.com\/index.php\/wp-json\/wp\/v2\/product\/9838"}],"collection":[{"href":"https:\/\/les-formations-pocheco.com\/index.php\/wp-json\/wp\/v2\/product"}],"about":[{"href":"https:\/\/les-formations-pocheco.com\/index.php\/wp-json\/wp\/v2\/types\/product"}],"version-history":[{"count":5,"href":"https:\/\/les-formations-pocheco.com\/index.php\/wp-json\/wp\/v2\/product\/9838\/revisions"}],"predecessor-version":[{"id":9881,"href":"https:\/\/les-formations-pocheco.com\/index.php\/wp-json\/wp\/v2\/product\/9838\/revisions\/9881"}],"wp:featuredmedia":[{"embeddable":true,"href":"https:\/\/les-formations-pocheco.com\/index.php\/wp-json\/wp\/v2\/media\/9858"}],"wp:attachment":[{"href":"https:\/\/les-formations-pocheco.com\/index.php\/wp-json\/wp\/v2\/media?parent=9838"}],"wp:term":[{"taxonomy":"product_cat","embeddable":true,"href":"https:\/\/les-formations-pocheco.com\/index.php\/wp-json\/wp\/v2\/product_cat?post=9838"},{"taxonomy":"product_tag","embeddable":true,"href":"https:\/\/les-formations-pocheco.com\/index.php\/wp-json\/wp\/v2\/product_tag?post=9838"}],"curies":[{"name":"wp","href":"https:\/\/api.w.org\/{rel}","templated":true}]}}