{"id":7306,"date":"2022-10-18T16:29:54","date_gmt":"2022-10-18T14:29:54","guid":{"rendered":"https:\/\/les-formations-pocheco.com\/?post_type=product&#038;p=7306"},"modified":"2024-04-23T11:30:09","modified_gmt":"2024-04-23T09:30:09","slug":"integrer-des-arbres-fruitiers-dans-un-projet-damenagement","status":"publish","type":"product","link":"https:\/\/les-formations-pocheco.com\/index.php\/produit\/integrer-des-arbres-fruitiers-dans-un-projet-damenagement\/","title":{"rendered":"Int\u00e9grer des arbres fruitiers dans un projet d\u2019am\u00e9nagement"},"content":{"rendered":"<h2>Objectifs de la formation<\/h2>\n<p>Etudier les besoins et les limites de l\u2019organisme vital d\u2019un arbre, de ses racines jusqu\u2019aux fruits et estimer le contexte environnemental d\u2019un espace pour faire les choix judicieux qui s\u2019imposent.<\/p>\n","protected":false},"excerpt":{"rendered":"<p>L\u2019arbre, organisme vivant mill\u00e9naire, est un facteur de vie et d\u2019\u00e9nergie incontournable en milieu naturel et urbain. T\u00e9moin de plusieurs si\u00e8cles de l\u2019esp\u00e8ce humaine, il apporte fraicheur, oxyg\u00e8ne, fruits, refuge et ombrage \u00e0 ses occupants naturels ainsi qu\u2019aux habitants de la ville ou du village qui ont la chance de pouvoir en c\u00f4toyer dans la for\u00eat, dans un jardin public ou au sein d\u2019une propri\u00e9t\u00e9 priv\u00e9e (jardin, terrain agricole, verger, potager etc.)<\/p>\n","protected":false},"featured_media":6056,"template":"","meta":{"_exactmetrics_skip_tracking":false,"_exactmetrics_sitenote_active":false,"_exactmetrics_sitenote_note":"","_exactmetrics_sitenote_category":0,"neve_meta_sidebar":"","neve_meta_container":"","neve_meta_enable_content_width":"off","neve_meta_content_width":100,"neve_meta_title_alignment":"","neve_meta_author_avatar":"","neve_post_elements_order":"","neve_meta_disable_header":"","neve_meta_disable_footer":"","neve_meta_disable_title":""},"product_cat":[46],"product_tag":[],"yoast_head":"<!-- This site is optimized with the Yoast SEO plugin v22.4 - https:\/\/yoast.com\/wordpress\/plugins\/seo\/ -->\n<title>Int\u00e9grer des arbres fruitiers dans un projet d\u2019am\u00e9nagement - Les formations Pocheco<\/title>\n<meta name=\"robots\" content=\"index, follow, max-snippet:-1, max-image-preview:large, max-video-preview:-1\" \/>\n<link rel=\"canonical\" href=\"https:\/\/les-formations-pocheco.com\/index.php\/produit\/integrer-des-arbres-fruitiers-dans-un-projet-damenagement\/\" \/>\n<meta property=\"og:locale\" content=\"fr_FR\" \/>\n<meta property=\"og:type\" content=\"article\" \/>\n<meta property=\"og:title\" content=\"Int\u00e9grer des arbres fruitiers dans un projet d\u2019am\u00e9nagement - Les formations Pocheco\" \/>\n<meta property=\"og:description\" content=\"L\u2019arbre, organisme vivant mill\u00e9naire, est un facteur de vie et d\u2019\u00e9nergie incontournable en milieu naturel et urbain. T\u00e9moin de plusieurs si\u00e8cles de l\u2019esp\u00e8ce humaine, il apporte fraicheur, oxyg\u00e8ne, fruits, refuge et ombrage \u00e0 ses occupants naturels ainsi qu\u2019aux habitants de la ville ou du village qui ont la chance de pouvoir en c\u00f4toyer dans la for\u00eat, dans un jardin public ou au sein d\u2019une propri\u00e9t\u00e9 priv\u00e9e (jardin, terrain agricole, verger, potager etc.)\" \/>\n<meta property=\"og:url\" content=\"https:\/\/les-formations-pocheco.com\/index.php\/produit\/integrer-des-arbres-fruitiers-dans-un-projet-damenagement\/\" \/>\n<meta property=\"og:site_name\" content=\"Les formations Pocheco\" \/>\n<meta property=\"article:modified_time\" content=\"2024-04-23T09:30:09+00:00\" \/>\n<meta property=\"og:image\" content=\"https:\/\/les-formations-pocheco.com\/wp-content\/uploads\/2022\/06\/verger-fleuri-scaled.jpg\" \/>\n\t<meta property=\"og:image:width\" content=\"2560\" \/>\n\t<meta property=\"og:image:height\" content=\"1707\" \/>\n\t<meta property=\"og:image:type\" content=\"image\/jpeg\" \/>\n<meta name=\"twitter:card\" content=\"summary_large_image\" \/>\n<meta name=\"twitter:label1\" content=\"Dur\u00e9e de lecture estim\u00e9e\" \/>\n\t<meta name=\"twitter:data1\" content=\"1 minute\" \/>\n<script type=\"application\/ld+json\" class=\"yoast-schema-graph\">{\"@context\":\"https:\/\/schema.org\",\"@graph\":[{\"@type\":\"WebPage\",\"@id\":\"https:\/\/les-formations-pocheco.com\/index.php\/produit\/integrer-des-arbres-fruitiers-dans-un-projet-damenagement\/\",\"url\":\"https:\/\/les-formations-pocheco.com\/index.php\/produit\/integrer-des-arbres-fruitiers-dans-un-projet-damenagement\/\",\"name\":\"Int\u00e9grer des arbres fruitiers dans un projet d\u2019am\u00e9nagement - Les formations Pocheco\",\"isPartOf\":{\"@id\":\"https:\/\/les-formations-pocheco.com\/#website\"},\"primaryImageOfPage\":{\"@id\":\"https:\/\/les-formations-pocheco.com\/index.php\/produit\/integrer-des-arbres-fruitiers-dans-un-projet-damenagement\/#primaryimage\"},\"image\":{\"@id\":\"https:\/\/les-formations-pocheco.com\/index.php\/produit\/integrer-des-arbres-fruitiers-dans-un-projet-damenagement\/#primaryimage\"},\"thumbnailUrl\":\"https:\/\/les-formations-pocheco.com\/wp-content\/uploads\/2022\/06\/verger-fleuri-scaled.jpg\",\"datePublished\":\"2022-10-18T14:29:54+00:00\",\"dateModified\":\"2024-04-23T09:30:09+00:00\",\"breadcrumb\":{\"@id\":\"https:\/\/les-formations-pocheco.com\/index.php\/produit\/integrer-des-arbres-fruitiers-dans-un-projet-damenagement\/#breadcrumb\"},\"inLanguage\":\"fr-FR\",\"potentialAction\":[{\"@type\":\"ReadAction\",\"target\":[\"https:\/\/les-formations-pocheco.com\/index.php\/produit\/integrer-des-arbres-fruitiers-dans-un-projet-damenagement\/\"]}]},{\"@type\":\"ImageObject\",\"inLanguage\":\"fr-FR\",\"@id\":\"https:\/\/les-formations-pocheco.com\/index.php\/produit\/integrer-des-arbres-fruitiers-dans-un-projet-damenagement\/#primaryimage\",\"url\":\"https:\/\/les-formations-pocheco.com\/wp-content\/uploads\/2022\/06\/verger-fleuri-scaled.jpg\",\"contentUrl\":\"https:\/\/les-formations-pocheco.com\/wp-content\/uploads\/2022\/06\/verger-fleuri-scaled.jpg\",\"width\":2560,\"height\":1707},{\"@type\":\"BreadcrumbList\",\"@id\":\"https:\/\/les-formations-pocheco.com\/index.php\/produit\/integrer-des-arbres-fruitiers-dans-un-projet-damenagement\/#breadcrumb\",\"itemListElement\":[{\"@type\":\"ListItem\",\"position\":1,\"name\":\"Accueil\",\"item\":\"https:\/\/les-formations-pocheco.com\/\"},{\"@type\":\"ListItem\",\"position\":2,\"name\":\"Boutique\",\"item\":\"https:\/\/les-formations-pocheco.com\/index.php\/boutique\/\"},{\"@type\":\"ListItem\",\"position\":3,\"name\":\"Int\u00e9grer des arbres fruitiers dans un projet d\u2019am\u00e9nagement\"}]},{\"@type\":\"WebSite\",\"@id\":\"https:\/\/les-formations-pocheco.com\/#website\",\"url\":\"https:\/\/les-formations-pocheco.com\/\",\"name\":\"Les formations Pocheco\",\"description\":\"\",\"publisher\":{\"@id\":\"https:\/\/les-formations-pocheco.com\/#organization\"},\"potentialAction\":[{\"@type\":\"SearchAction\",\"target\":{\"@type\":\"EntryPoint\",\"urlTemplate\":\"https:\/\/les-formations-pocheco.com\/?s={search_term_string}\"},\"query-input\":\"required name=search_term_string\"}],\"inLanguage\":\"fr-FR\"},{\"@type\":\"Organization\",\"@id\":\"https:\/\/les-formations-pocheco.com\/#organization\",\"name\":\"Les formations Pocheco\",\"url\":\"https:\/\/les-formations-pocheco.com\/\",\"logo\":{\"@type\":\"ImageObject\",\"inLanguage\":\"fr-FR\",\"@id\":\"https:\/\/les-formations-pocheco.com\/#\/schema\/logo\/image\/\",\"url\":\"https:\/\/les-formations-pocheco.com\/wp-content\/uploads\/2021\/10\/formations.png\",\"contentUrl\":\"https:\/\/les-formations-pocheco.com\/wp-content\/uploads\/2021\/10\/formations.png\",\"width\":500,\"height\":300,\"caption\":\"Les formations Pocheco\"},\"image\":{\"@id\":\"https:\/\/les-formations-pocheco.com\/#\/schema\/logo\/image\/\"}}]}<\/script>\n<!-- \/ Yoast SEO plugin. -->","yoast_head_json":{"title":"Int\u00e9grer des arbres fruitiers dans un projet d\u2019am\u00e9nagement - Les formations Pocheco","robots":{"index":"index","follow":"follow","max-snippet":"max-snippet:-1","max-image-preview":"max-image-preview:large","max-video-preview":"max-video-preview:-1"},"canonical":"https:\/\/les-formations-pocheco.com\/index.php\/produit\/integrer-des-arbres-fruitiers-dans-un-projet-damenagement\/","og_locale":"fr_FR","og_type":"article","og_title":"Int\u00e9grer des arbres fruitiers dans un projet d\u2019am\u00e9nagement - Les formations Pocheco","og_description":"L\u2019arbre, organisme vivant mill\u00e9naire, est un facteur de vie et d\u2019\u00e9nergie incontournable en milieu naturel et urbain. T\u00e9moin de plusieurs si\u00e8cles de l\u2019esp\u00e8ce humaine, il apporte fraicheur, oxyg\u00e8ne, fruits, refuge et ombrage \u00e0 ses occupants naturels ainsi qu\u2019aux habitants de la ville ou du village qui ont la chance de pouvoir en c\u00f4toyer dans la for\u00eat, dans un jardin public ou au sein d\u2019une propri\u00e9t\u00e9 priv\u00e9e (jardin, terrain agricole, verger, potager etc.)","og_url":"https:\/\/les-formations-pocheco.com\/index.php\/produit\/integrer-des-arbres-fruitiers-dans-un-projet-damenagement\/","og_site_name":"Les formations Pocheco","article_modified_time":"2024-04-23T09:30:09+00:00","og_image":[{"width":2560,"height":1707,"url":"https:\/\/les-formations-pocheco.com\/wp-content\/uploads\/2022\/06\/verger-fleuri-scaled.jpg","type":"image\/jpeg"}],"twitter_card":"summary_large_image","twitter_misc":{"Dur\u00e9e de lecture estim\u00e9e":"1 minute"},"schema":{"@context":"https:\/\/schema.org","@graph":[{"@type":"WebPage","@id":"https:\/\/les-formations-pocheco.com\/index.php\/produit\/integrer-des-arbres-fruitiers-dans-un-projet-damenagement\/","url":"https:\/\/les-formations-pocheco.com\/index.php\/produit\/integrer-des-arbres-fruitiers-dans-un-projet-damenagement\/","name":"Int\u00e9grer des arbres fruitiers dans un projet d\u2019am\u00e9nagement - Les formations Pocheco","isPartOf":{"@id":"https:\/\/les-formations-pocheco.com\/#website"},"primaryImageOfPage":{"@id":"https:\/\/les-formations-pocheco.com\/index.php\/produit\/integrer-des-arbres-fruitiers-dans-un-projet-damenagement\/#primaryimage"},"image":{"@id":"https:\/\/les-formations-pocheco.com\/index.php\/produit\/integrer-des-arbres-fruitiers-dans-un-projet-damenagement\/#primaryimage"},"thumbnailUrl":"https:\/\/les-formations-pocheco.com\/wp-content\/uploads\/2022\/06\/verger-fleuri-scaled.jpg","datePublished":"2022-10-18T14:29:54+00:00","dateModified":"2024-04-23T09:30:09+00:00","breadcrumb":{"@id":"https:\/\/les-formations-pocheco.com\/index.php\/produit\/integrer-des-arbres-fruitiers-dans-un-projet-damenagement\/#breadcrumb"},"inLanguage":"fr-FR","potentialAction":[{"@type":"ReadAction","target":["https:\/\/les-formations-pocheco.com\/index.php\/produit\/integrer-des-arbres-fruitiers-dans-un-projet-damenagement\/"]}]},{"@type":"ImageObject","inLanguage":"fr-FR","@id":"https:\/\/les-formations-pocheco.com\/index.php\/produit\/integrer-des-arbres-fruitiers-dans-un-projet-damenagement\/#primaryimage","url":"https:\/\/les-formations-pocheco.com\/wp-content\/uploads\/2022\/06\/verger-fleuri-scaled.jpg","contentUrl":"https:\/\/les-formations-pocheco.com\/wp-content\/uploads\/2022\/06\/verger-fleuri-scaled.jpg","width":2560,"height":1707},{"@type":"BreadcrumbList","@id":"https:\/\/les-formations-pocheco.com\/index.php\/produit\/integrer-des-arbres-fruitiers-dans-un-projet-damenagement\/#breadcrumb","itemListElement":[{"@type":"ListItem","position":1,"name":"Accueil","item":"https:\/\/les-formations-pocheco.com\/"},{"@type":"ListItem","position":2,"name":"Boutique","item":"https:\/\/les-formations-pocheco.com\/index.php\/boutique\/"},{"@type":"ListItem","position":3,"name":"Int\u00e9grer des arbres fruitiers dans un projet d\u2019am\u00e9nagement"}]},{"@type":"WebSite","@id":"https:\/\/les-formations-pocheco.com\/#website","url":"https:\/\/les-formations-pocheco.com\/","name":"Les formations Pocheco","description":"","publisher":{"@id":"https:\/\/les-formations-pocheco.com\/#organization"},"potentialAction":[{"@type":"SearchAction","target":{"@type":"EntryPoint","urlTemplate":"https:\/\/les-formations-pocheco.com\/?s={search_term_string}"},"query-input":"required name=search_term_string"}],"inLanguage":"fr-FR"},{"@type":"Organization","@id":"https:\/\/les-formations-pocheco.com\/#organization","name":"Les formations Pocheco","url":"https:\/\/les-formations-pocheco.com\/","logo":{"@type":"ImageObject","inLanguage":"fr-FR","@id":"https:\/\/les-formations-pocheco.com\/#\/schema\/logo\/image\/","url":"https:\/\/les-formations-pocheco.com\/wp-content\/uploads\/2021\/10\/formations.png","contentUrl":"https:\/\/les-formations-pocheco.com\/wp-content\/uploads\/2021\/10\/formations.png","width":500,"height":300,"caption":"Les formations Pocheco"},"image":{"@id":"https:\/\/les-formations-pocheco.com\/#\/schema\/logo\/image\/"}}]}},"_links":{"self":[{"href":"https:\/\/les-formations-pocheco.com\/index.php\/wp-json\/wp\/v2\/product\/7306"}],"collection":[{"href":"https:\/\/les-formations-pocheco.com\/index.php\/wp-json\/wp\/v2\/product"}],"about":[{"href":"https:\/\/les-formations-pocheco.com\/index.php\/wp-json\/wp\/v2\/types\/product"}],"version-history":[{"count":5,"href":"https:\/\/les-formations-pocheco.com\/index.php\/wp-json\/wp\/v2\/product\/7306\/revisions"}],"predecessor-version":[{"id":7312,"href":"https:\/\/les-formations-pocheco.com\/index.php\/wp-json\/wp\/v2\/product\/7306\/revisions\/7312"}],"wp:featuredmedia":[{"embeddable":true,"href":"https:\/\/les-formations-pocheco.com\/index.php\/wp-json\/wp\/v2\/media\/6056"}],"wp:attachment":[{"href":"https:\/\/les-formations-pocheco.com\/index.php\/wp-json\/wp\/v2\/media?parent=7306"}],"wp:term":[{"taxonomy":"product_cat","embeddable":true,"href":"https:\/\/les-formations-pocheco.com\/index.php\/wp-json\/wp\/v2\/product_cat?post=7306"},{"taxonomy":"product_tag","embeddable":true,"href":"https:\/\/les-formations-pocheco.com\/index.php\/wp-json\/wp\/v2\/product_tag?post=7306"}],"curies":[{"name":"wp","href":"https:\/\/api.w.org\/{rel}","templated":true}]}}