{"id":9975,"date":"2023-11-13T15:40:51","date_gmt":"2023-11-13T14:40:51","guid":{"rendered":"https:\/\/les-formations-pocheco.com\/?page_id=9975"},"modified":"2024-04-30T11:22:01","modified_gmt":"2024-04-30T09:22:01","slug":"contact","status":"publish","type":"page","link":"https:\/\/les-formations-pocheco.com\/index.php\/contact\/","title":{"rendered":"Contact"},"content":{"rendered":"\t\t<div data-elementor-type=\"wp-page\" data-elementor-id=\"9975\" class=\"elementor elementor-9975\">\n\t\t\t\t\t\t<section class=\"elementor-section elementor-top-section elementor-element elementor-element-9cf6670 elementor-section-boxed elementor-section-height-default elementor-section-height-default\" data-id=\"9cf6670\" data-element_type=\"section\">\n\t\t\t\t\t\t<div class=\"elementor-container elementor-column-gap-default\">\n\t\t\t\t\t<div class=\"elementor-column elementor-col-100 elementor-top-column elementor-element elementor-element-12e3dd8\" data-id=\"12e3dd8\" data-element_type=\"column\">\n\t\t\t<div class=\"elementor-widget-wrap elementor-element-populated\">\n\t\t\t\t\t\t<div class=\"elementor-element elementor-element-781f41b elementor-widget elementor-widget-heading\" data-id=\"781f41b\" data-element_type=\"widget\" data-widget_type=\"heading.default\">\n\t\t\t\t<div class=\"elementor-widget-container\">\n\t\t\t<style>\/*! elementor - v3.21.0 - 20-05-2024 *\/\n.elementor-heading-title{padding:0;margin:0;line-height:1}.elementor-widget-heading .elementor-heading-title[class*=elementor-size-]>a{color:inherit;font-size:inherit;line-height:inherit}.elementor-widget-heading .elementor-heading-title.elementor-size-small{font-size:15px}.elementor-widget-heading .elementor-heading-title.elementor-size-medium{font-size:19px}.elementor-widget-heading .elementor-heading-title.elementor-size-large{font-size:29px}.elementor-widget-heading .elementor-heading-title.elementor-size-xl{font-size:39px}.elementor-widget-heading .elementor-heading-title.elementor-size-xxl{font-size:59px}<\/style><h1 class=\"elementor-heading-title elementor-size-default\">VOS INTERLOCUTEURS<\/h1>\t\t<\/div>\n\t\t\t\t<\/div>\n\t\t\t\t\t<\/div>\n\t\t<\/div>\n\t\t\t\t\t<\/div>\n\t\t<\/section>\n\t\t\t\t<section class=\"elementor-section elementor-top-section elementor-element elementor-element-82375cb elementor-section-boxed elementor-section-height-default elementor-section-height-default\" data-id=\"82375cb\" data-element_type=\"section\">\n\t\t\t\t\t\t<div class=\"elementor-container elementor-column-gap-default\">\n\t\t\t\t\t<div class=\"elementor-column elementor-col-100 elementor-top-column elementor-element elementor-element-f8c10ec\" data-id=\"f8c10ec\" data-element_type=\"column\">\n\t\t\t<div class=\"elementor-widget-wrap elementor-element-populated\">\n\t\t\t\t\t\t<div class=\"elementor-element elementor-element-df62271 elementor-widget elementor-widget-heading\" data-id=\"df62271\" data-element_type=\"widget\" data-widget_type=\"heading.default\">\n\t\t\t\t<div class=\"elementor-widget-container\">\n\t\t\t<h2 class=\"elementor-heading-title elementor-size-default\">\u00c9lodie BIA \u2013 elodie.bia@ouvert.eu \u2013 06.07.59.60.11\n<\/h2>\t\t<\/div>\n\t\t\t\t<\/div>\n\t\t\t\t<div class=\"elementor-element elementor-element-a01af69 elementor-widget elementor-widget-heading\" data-id=\"a01af69\" data-element_type=\"widget\" data-widget_type=\"heading.default\">\n\t\t\t\t<div class=\"elementor-widget-container\">\n\t\t\t<h2 class=\"elementor-heading-title elementor-size-default\">Nathalie ARCY \u2013 nathalie.arcy@pocheco.com \u2013 06.81.57.18.21<\/h2>\t\t<\/div>\n\t\t\t\t<\/div>\n\t\t\t\t<div class=\"elementor-element elementor-element-94c8ca6 elementor-widget elementor-widget-spacer\" data-id=\"94c8ca6\" data-element_type=\"widget\" data-widget_type=\"spacer.default\">\n\t\t\t\t<div class=\"elementor-widget-container\">\n\t\t\t<style>\/*! elementor - v3.21.0 - 20-05-2024 *\/\n.elementor-column .elementor-spacer-inner{height:var(--spacer-size)}.e-con{--container-widget-width:100%}.e-con-inner>.elementor-widget-spacer,.e-con>.elementor-widget-spacer{width:var(--container-widget-width,var(--spacer-size));--align-self:var(--container-widget-align-self,initial);--flex-shrink:0}.e-con-inner>.elementor-widget-spacer>.elementor-widget-container,.e-con>.elementor-widget-spacer>.elementor-widget-container{height:100%;width:100%}.e-con-inner>.elementor-widget-spacer>.elementor-widget-container>.elementor-spacer,.e-con>.elementor-widget-spacer>.elementor-widget-container>.elementor-spacer{height:100%}.e-con-inner>.elementor-widget-spacer>.elementor-widget-container>.elementor-spacer>.elementor-spacer-inner,.e-con>.elementor-widget-spacer>.elementor-widget-container>.elementor-spacer>.elementor-spacer-inner{height:var(--container-widget-height,var(--spacer-size))}.e-con-inner>.elementor-widget-spacer.elementor-widget-empty,.e-con>.elementor-widget-spacer.elementor-widget-empty{position:relative;min-height:22px;min-width:22px}.e-con-inner>.elementor-widget-spacer.elementor-widget-empty .elementor-widget-empty-icon,.e-con>.elementor-widget-spacer.elementor-widget-empty .elementor-widget-empty-icon{position:absolute;top:0;bottom:0;left:0;right:0;margin:auto;padding:0;width:22px;height:22px}<\/style>\t\t<div class=\"elementor-spacer\">\n\t\t\t<div class=\"elementor-spacer-inner\"><\/div>\n\t\t<\/div>\n\t\t\t\t<\/div>\n\t\t\t\t<\/div>\n\t\t\t\t<div class=\"elementor-element elementor-element-541a568 elementor-widget elementor-widget-text-editor\" data-id=\"541a568\" data-element_type=\"widget\" data-widget_type=\"text-editor.default\">\n\t\t\t\t<div class=\"elementor-widget-container\">\n\t\t\t<style>\/*! elementor - v3.21.0 - 20-05-2024 *\/\n.elementor-widget-text-editor.elementor-drop-cap-view-stacked .elementor-drop-cap{background-color:#69727d;color:#fff}.elementor-widget-text-editor.elementor-drop-cap-view-framed .elementor-drop-cap{color:#69727d;border:3px solid;background-color:transparent}.elementor-widget-text-editor:not(.elementor-drop-cap-view-default) .elementor-drop-cap{margin-top:8px}.elementor-widget-text-editor:not(.elementor-drop-cap-view-default) .elementor-drop-cap-letter{width:1em;height:1em}.elementor-widget-text-editor .elementor-drop-cap{float:left;text-align:center;line-height:1;font-size:50px}.elementor-widget-text-editor .elementor-drop-cap-letter{display:inline-block}<\/style>\t\t\t\t<p>Les formations POCHECO<br \/>13, rue des roloirs, 59510, Forest sur Marque (F)<br \/><a href=\"http:\/\/www.pocheco.com\">www.pocheco.com<\/a><\/p>\t\t\t\t\t\t<\/div>\n\t\t\t\t<\/div>\n\t\t\t\t<div class=\"elementor-element elementor-element-ef38514 elementor-view-default elementor-widget elementor-widget-icon\" data-id=\"ef38514\" data-element_type=\"widget\" data-widget_type=\"icon.default\">\n\t\t\t\t<div class=\"elementor-widget-container\">\n\t\t\t\t\t<div class=\"elementor-icon-wrapper\">\n\t\t\t<a class=\"elementor-icon\" href=\"https:\/\/fr.linkedin.com\/company\/pocheco\" target=\"_blank\">\n\t\t\t<i aria-hidden=\"true\" class=\"fab fa-linkedin\"><\/i>\t\t\t<\/a>\n\t\t<\/div>\n\t\t\t\t<\/div>\n\t\t\t\t<\/div>\n\t\t\t\t<div class=\"elementor-element elementor-element-9d78e63 elementor-widget elementor-widget-image\" data-id=\"9d78e63\" data-element_type=\"widget\" data-widget_type=\"image.default\">\n\t\t\t\t<div class=\"elementor-widget-container\">\n\t\t\t<style>\/*! elementor - v3.21.0 - 20-05-2024 *\/\n.elementor-widget-image{text-align:center}.elementor-widget-image a{display:inline-block}.elementor-widget-image a img[src$=\".svg\"]{width:48px}.elementor-widget-image img{vertical-align:middle;display:inline-block}<\/style>\t\t\t\t\t\t\t\t\t\t<img fetchpriority=\"high\" decoding=\"async\" width=\"1024\" height=\"177\" src=\"https:\/\/les-formations-pocheco.com\/wp-content\/uploads\/2023\/11\/certifQualiopi-1024x177.png\" class=\"attachment-large size-large wp-image-9979\" alt=\"\" srcset=\"https:\/\/les-formations-pocheco.com\/wp-content\/uploads\/2023\/11\/certifQualiopi-1024x177.png 1024w, https:\/\/les-formations-pocheco.com\/wp-content\/uploads\/2023\/11\/certifQualiopi-300x52.png 300w, https:\/\/les-formations-pocheco.com\/wp-content\/uploads\/2023\/11\/certifQualiopi-768x133.png 768w, https:\/\/les-formations-pocheco.com\/wp-content\/uploads\/2023\/11\/certifQualiopi-1536x266.png 1536w, https:\/\/les-formations-pocheco.com\/wp-content\/uploads\/2023\/11\/certifQualiopi-2048x355.png 2048w, https:\/\/les-formations-pocheco.com\/wp-content\/uploads\/2023\/11\/certifQualiopi-600x104.png 600w\" sizes=\"(max-width: 1024px) 100vw, 1024px\" \/>\t\t\t\t\t\t\t\t\t\t\t\t\t<\/div>\n\t\t\t\t<\/div>\n\t\t\t\t\t<\/div>\n\t\t<\/div>\n\t\t\t\t\t<\/div>\n\t\t<\/section>\n\t\t\t\t<\/div>\n\t\t","protected":false},"excerpt":{"rendered":"<p>VOS INTERLOCUTEURS \u00c9lodie BIA \u2013 elodie.bia@ouvert.eu \u2013 06.07.59.60.11 Nathalie ARCY \u2013 nathalie.arcy@pocheco.com \u2013 06.81.57.18.21 Les formations POCHECO13, rue des roloirs, 59510, Forest sur Marque (F)www.pocheco.com<\/p>\n","protected":false},"author":25,"featured_media":0,"parent":0,"menu_order":0,"comment_status":"closed","ping_status":"closed","template":"page-templates\/template-pagebuilder-full-width.php","meta":{"_exactmetrics_skip_tracking":false,"_exactmetrics_sitenote_active":false,"_exactmetrics_sitenote_note":"","_exactmetrics_sitenote_category":0,"neve_meta_sidebar":"","neve_meta_container":"","neve_meta_enable_content_width":"","neve_meta_content_width":0,"neve_meta_title_alignment":"","neve_meta_author_avatar":"","neve_post_elements_order":"","neve_meta_disable_header":"","neve_meta_disable_footer":"","neve_meta_disable_title":"","footnotes":""},"yoast_head":"<!-- This site is optimized with the Yoast SEO plugin v22.4 - https:\/\/yoast.com\/wordpress\/plugins\/seo\/ -->\n<title>Contact - Les formations Pocheco<\/title>\n<meta name=\"description\" content=\"Contactez-nous d\u00e8s aujourd&#039;hui pour explorer des solutions \u00e9cologiques et contribuer \u00e0 la transition \u00e9cologique.\" \/>\n<meta name=\"robots\" content=\"index, follow, max-snippet:-1, max-image-preview:large, max-video-preview:-1\" \/>\n<link rel=\"canonical\" href=\"https:\/\/les-formations-pocheco.com\/index.php\/contact\/\" \/>\n<meta property=\"og:locale\" content=\"fr_FR\" \/>\n<meta property=\"og:type\" content=\"article\" \/>\n<meta property=\"og:title\" content=\"Contact - Les formations Pocheco\" \/>\n<meta property=\"og:description\" content=\"Contactez-nous d\u00e8s aujourd&#039;hui pour explorer des solutions \u00e9cologiques et contribuer \u00e0 la transition \u00e9cologique.\" \/>\n<meta property=\"og:url\" content=\"https:\/\/les-formations-pocheco.com\/index.php\/contact\/\" \/>\n<meta property=\"og:site_name\" content=\"Les formations Pocheco\" \/>\n<meta property=\"article:modified_time\" content=\"2024-04-30T09:22:01+00:00\" \/>\n<meta property=\"og:image\" content=\"https:\/\/les-formations-pocheco.com\/wp-content\/uploads\/2023\/11\/certifQualiopi-1024x177.png\" \/>\n<meta name=\"twitter:card\" content=\"summary_large_image\" \/>\n<meta name=\"twitter:label1\" content=\"Dur\u00e9e de lecture estim\u00e9e\" \/>\n\t<meta name=\"twitter:data1\" content=\"1 minute\" \/>\n<script type=\"application\/ld+json\" class=\"yoast-schema-graph\">{\"@context\":\"https:\/\/schema.org\",\"@graph\":[{\"@type\":\"WebPage\",\"@id\":\"https:\/\/les-formations-pocheco.com\/index.php\/contact\/\",\"url\":\"https:\/\/les-formations-pocheco.com\/index.php\/contact\/\",\"name\":\"Contact - Les formations Pocheco\",\"isPartOf\":{\"@id\":\"https:\/\/les-formations-pocheco.com\/#website\"},\"primaryImageOfPage\":{\"@id\":\"https:\/\/les-formations-pocheco.com\/index.php\/contact\/#primaryimage\"},\"image\":{\"@id\":\"https:\/\/les-formations-pocheco.com\/index.php\/contact\/#primaryimage\"},\"thumbnailUrl\":\"https:\/\/les-formations-pocheco.com\/wp-content\/uploads\/2023\/11\/certifQualiopi-1024x177.png\",\"datePublished\":\"2023-11-13T14:40:51+00:00\",\"dateModified\":\"2024-04-30T09:22:01+00:00\",\"description\":\"Contactez-nous d\u00e8s aujourd'hui pour explorer des solutions \u00e9cologiques et contribuer \u00e0 la transition \u00e9cologique.\",\"breadcrumb\":{\"@id\":\"https:\/\/les-formations-pocheco.com\/index.php\/contact\/#breadcrumb\"},\"inLanguage\":\"fr-FR\",\"potentialAction\":[{\"@type\":\"ReadAction\",\"target\":[\"https:\/\/les-formations-pocheco.com\/index.php\/contact\/\"]}]},{\"@type\":\"ImageObject\",\"inLanguage\":\"fr-FR\",\"@id\":\"https:\/\/les-formations-pocheco.com\/index.php\/contact\/#primaryimage\",\"url\":\"https:\/\/les-formations-pocheco.com\/wp-content\/uploads\/2023\/11\/certifQualiopi.png\",\"contentUrl\":\"https:\/\/les-formations-pocheco.com\/wp-content\/uploads\/2023\/11\/certifQualiopi.png\",\"width\":2206,\"height\":382},{\"@type\":\"BreadcrumbList\",\"@id\":\"https:\/\/les-formations-pocheco.com\/index.php\/contact\/#breadcrumb\",\"itemListElement\":[{\"@type\":\"ListItem\",\"position\":1,\"name\":\"Accueil\",\"item\":\"https:\/\/les-formations-pocheco.com\/\"},{\"@type\":\"ListItem\",\"position\":2,\"name\":\"Contact\"}]},{\"@type\":\"WebSite\",\"@id\":\"https:\/\/les-formations-pocheco.com\/#website\",\"url\":\"https:\/\/les-formations-pocheco.com\/\",\"name\":\"Les formations Pocheco\",\"description\":\"\",\"publisher\":{\"@id\":\"https:\/\/les-formations-pocheco.com\/#organization\"},\"potentialAction\":[{\"@type\":\"SearchAction\",\"target\":{\"@type\":\"EntryPoint\",\"urlTemplate\":\"https:\/\/les-formations-pocheco.com\/?s={search_term_string}\"},\"query-input\":\"required name=search_term_string\"}],\"inLanguage\":\"fr-FR\"},{\"@type\":\"Organization\",\"@id\":\"https:\/\/les-formations-pocheco.com\/#organization\",\"name\":\"Les formations Pocheco\",\"url\":\"https:\/\/les-formations-pocheco.com\/\",\"logo\":{\"@type\":\"ImageObject\",\"inLanguage\":\"fr-FR\",\"@id\":\"https:\/\/les-formations-pocheco.com\/#\/schema\/logo\/image\/\",\"url\":\"https:\/\/les-formations-pocheco.com\/wp-content\/uploads\/2021\/10\/formations.png\",\"contentUrl\":\"https:\/\/les-formations-pocheco.com\/wp-content\/uploads\/2021\/10\/formations.png\",\"width\":500,\"height\":300,\"caption\":\"Les formations Pocheco\"},\"image\":{\"@id\":\"https:\/\/les-formations-pocheco.com\/#\/schema\/logo\/image\/\"}}]}<\/script>\n<!-- \/ Yoast SEO plugin. -->","yoast_head_json":{"title":"Contact - Les formations Pocheco","description":"Contactez-nous d\u00e8s aujourd'hui pour explorer des solutions \u00e9cologiques et contribuer \u00e0 la transition \u00e9cologique.","robots":{"index":"index","follow":"follow","max-snippet":"max-snippet:-1","max-image-preview":"max-image-preview:large","max-video-preview":"max-video-preview:-1"},"canonical":"https:\/\/les-formations-pocheco.com\/index.php\/contact\/","og_locale":"fr_FR","og_type":"article","og_title":"Contact - Les formations Pocheco","og_description":"Contactez-nous d\u00e8s aujourd'hui pour explorer des solutions \u00e9cologiques et contribuer \u00e0 la transition \u00e9cologique.","og_url":"https:\/\/les-formations-pocheco.com\/index.php\/contact\/","og_site_name":"Les formations Pocheco","article_modified_time":"2024-04-30T09:22:01+00:00","og_image":[{"url":"https:\/\/les-formations-pocheco.com\/wp-content\/uploads\/2023\/11\/certifQualiopi-1024x177.png"}],"twitter_card":"summary_large_image","twitter_misc":{"Dur\u00e9e de lecture estim\u00e9e":"1 minute"},"schema":{"@context":"https:\/\/schema.org","@graph":[{"@type":"WebPage","@id":"https:\/\/les-formations-pocheco.com\/index.php\/contact\/","url":"https:\/\/les-formations-pocheco.com\/index.php\/contact\/","name":"Contact - Les formations Pocheco","isPartOf":{"@id":"https:\/\/les-formations-pocheco.com\/#website"},"primaryImageOfPage":{"@id":"https:\/\/les-formations-pocheco.com\/index.php\/contact\/#primaryimage"},"image":{"@id":"https:\/\/les-formations-pocheco.com\/index.php\/contact\/#primaryimage"},"thumbnailUrl":"https:\/\/les-formations-pocheco.com\/wp-content\/uploads\/2023\/11\/certifQualiopi-1024x177.png","datePublished":"2023-11-13T14:40:51+00:00","dateModified":"2024-04-30T09:22:01+00:00","description":"Contactez-nous d\u00e8s aujourd'hui pour explorer des solutions \u00e9cologiques et contribuer \u00e0 la transition \u00e9cologique.","breadcrumb":{"@id":"https:\/\/les-formations-pocheco.com\/index.php\/contact\/#breadcrumb"},"inLanguage":"fr-FR","potentialAction":[{"@type":"ReadAction","target":["https:\/\/les-formations-pocheco.com\/index.php\/contact\/"]}]},{"@type":"ImageObject","inLanguage":"fr-FR","@id":"https:\/\/les-formations-pocheco.com\/index.php\/contact\/#primaryimage","url":"https:\/\/les-formations-pocheco.com\/wp-content\/uploads\/2023\/11\/certifQualiopi.png","contentUrl":"https:\/\/les-formations-pocheco.com\/wp-content\/uploads\/2023\/11\/certifQualiopi.png","width":2206,"height":382},{"@type":"BreadcrumbList","@id":"https:\/\/les-formations-pocheco.com\/index.php\/contact\/#breadcrumb","itemListElement":[{"@type":"ListItem","position":1,"name":"Accueil","item":"https:\/\/les-formations-pocheco.com\/"},{"@type":"ListItem","position":2,"name":"Contact"}]},{"@type":"WebSite","@id":"https:\/\/les-formations-pocheco.com\/#website","url":"https:\/\/les-formations-pocheco.com\/","name":"Les formations Pocheco","description":"","publisher":{"@id":"https:\/\/les-formations-pocheco.com\/#organization"},"potentialAction":[{"@type":"SearchAction","target":{"@type":"EntryPoint","urlTemplate":"https:\/\/les-formations-pocheco.com\/?s={search_term_string}"},"query-input":"required name=search_term_string"}],"inLanguage":"fr-FR"},{"@type":"Organization","@id":"https:\/\/les-formations-pocheco.com\/#organization","name":"Les formations Pocheco","url":"https:\/\/les-formations-pocheco.com\/","logo":{"@type":"ImageObject","inLanguage":"fr-FR","@id":"https:\/\/les-formations-pocheco.com\/#\/schema\/logo\/image\/","url":"https:\/\/les-formations-pocheco.com\/wp-content\/uploads\/2021\/10\/formations.png","contentUrl":"https:\/\/les-formations-pocheco.com\/wp-content\/uploads\/2021\/10\/formations.png","width":500,"height":300,"caption":"Les formations Pocheco"},"image":{"@id":"https:\/\/les-formations-pocheco.com\/#\/schema\/logo\/image\/"}}]}},"_links":{"self":[{"href":"https:\/\/les-formations-pocheco.com\/index.php\/wp-json\/wp\/v2\/pages\/9975"}],"collection":[{"href":"https:\/\/les-formations-pocheco.com\/index.php\/wp-json\/wp\/v2\/pages"}],"about":[{"href":"https:\/\/les-formations-pocheco.com\/index.php\/wp-json\/wp\/v2\/types\/page"}],"author":[{"embeddable":true,"href":"https:\/\/les-formations-pocheco.com\/index.php\/wp-json\/wp\/v2\/users\/25"}],"replies":[{"embeddable":true,"href":"https:\/\/les-formations-pocheco.com\/index.php\/wp-json\/wp\/v2\/comments?post=9975"}],"version-history":[{"count":25,"href":"https:\/\/les-formations-pocheco.com\/index.php\/wp-json\/wp\/v2\/pages\/9975\/revisions"}],"predecessor-version":[{"id":11479,"href":"https:\/\/les-formations-pocheco.com\/index.php\/wp-json\/wp\/v2\/pages\/9975\/revisions\/11479"}],"wp:attachment":[{"href":"https:\/\/les-formations-pocheco.com\/index.php\/wp-json\/wp\/v2\/media?parent=9975"}],"curies":[{"name":"wp","href":"https:\/\/api.w.org\/{rel}","templated":true}]}}