{"id":3648,"date":"2021-10-25T10:33:06","date_gmt":"2021-10-25T08:33:06","guid":{"rendered":"https:\/\/les-formations-pocheco.com\/?page_id=3648"},"modified":"2025-10-15T09:58:14","modified_gmt":"2025-10-15T07:58:14","slug":"qui-sommes-nous","status":"publish","type":"page","link":"https:\/\/les-formations-pocheco.com\/index.php\/qui-sommes-nous\/","title":{"rendered":"Qui sommes-nous"},"content":{"rendered":"\t\t<div data-elementor-type=\"wp-page\" data-elementor-id=\"3648\" class=\"elementor elementor-3648\">\n\t\t\t\t\t\t<section class=\"elementor-section elementor-top-section elementor-element elementor-element-30239866 elementor-section-full_width elementor-hidden-phone elementor-section-height-default elementor-section-height-default\" data-id=\"30239866\" data-element_type=\"section\">\n\t\t\t\t\t\t<div class=\"elementor-container elementor-column-gap-no\">\n\t\t\t\t\t<div class=\"elementor-column elementor-col-100 elementor-top-column elementor-element elementor-element-25280378\" data-id=\"25280378\" data-element_type=\"column\">\n\t\t\t<div class=\"elementor-widget-wrap elementor-element-populated\">\n\t\t\t\t\t\t\t<\/div>\n\t\t<\/div>\n\t\t\t\t\t<\/div>\n\t\t<\/section>\n\t\t\t\t<section class=\"elementor-section elementor-top-section elementor-element elementor-element-8191034 elementor-section-boxed elementor-section-height-default elementor-section-height-default\" data-id=\"8191034\" data-element_type=\"section\">\n\t\t\t\t\t\t<div class=\"elementor-container elementor-column-gap-default\">\n\t\t\t\t\t<div class=\"elementor-column elementor-col-100 elementor-top-column elementor-element elementor-element-e85df4c\" data-id=\"e85df4c\" data-element_type=\"column\">\n\t\t\t<div class=\"elementor-widget-wrap elementor-element-populated\">\n\t\t\t\t\t\t<div class=\"elementor-element elementor-element-a129a28 elementor-widget elementor-widget-heading\" data-id=\"a129a28\" data-element_type=\"widget\" data-widget_type=\"heading.default\">\n\t\t\t\t<div class=\"elementor-widget-container\">\n\t\t\t<style>\/*! elementor - v3.21.0 - 20-05-2024 *\/\n.elementor-heading-title{padding:0;margin:0;line-height:1}.elementor-widget-heading .elementor-heading-title[class*=elementor-size-]>a{color:inherit;font-size:inherit;line-height:inherit}.elementor-widget-heading .elementor-heading-title.elementor-size-small{font-size:15px}.elementor-widget-heading .elementor-heading-title.elementor-size-medium{font-size:19px}.elementor-widget-heading .elementor-heading-title.elementor-size-large{font-size:29px}.elementor-widget-heading .elementor-heading-title.elementor-size-xl{font-size:39px}.elementor-widget-heading .elementor-heading-title.elementor-size-xxl{font-size:59px}<\/style><h1 class=\"elementor-heading-title elementor-size-default\">LE CENTRE DE FORMATION POCHECO <\/h1>\t\t<\/div>\n\t\t\t\t<\/div>\n\t\t\t\t\t<\/div>\n\t\t<\/div>\n\t\t\t\t\t<\/div>\n\t\t<\/section>\n\t\t\t\t<section class=\"elementor-section elementor-top-section elementor-element elementor-element-33a9d28 elementor-section-boxed elementor-section-height-default elementor-section-height-default\" data-id=\"33a9d28\" data-element_type=\"section\">\n\t\t\t\t\t\t<div class=\"elementor-container elementor-column-gap-default\">\n\t\t\t\t\t<div class=\"elementor-column elementor-col-100 elementor-top-column elementor-element elementor-element-0206b0a\" data-id=\"0206b0a\" data-element_type=\"column\">\n\t\t\t<div class=\"elementor-widget-wrap elementor-element-populated\">\n\t\t\t\t\t\t<div class=\"elementor-element elementor-element-b91df62 elementor-widget elementor-widget-heading\" data-id=\"b91df62\" data-element_type=\"widget\" data-widget_type=\"heading.default\">\n\t\t\t\t<div class=\"elementor-widget-container\">\n\t\t\t<h2 class=\"elementor-heading-title elementor-size-default\">POCHECO, une entreprise engag\u00e9e dans la transition \u00e9cologique depuis 25 ans<\/h2>\t\t<\/div>\n\t\t\t\t<\/div>\n\t\t\t\t<div class=\"elementor-element elementor-element-d12be58 elementor-widget elementor-widget-text-editor\" data-id=\"d12be58\" data-element_type=\"widget\" data-widget_type=\"text-editor.default\">\n\t\t\t\t<div class=\"elementor-widget-container\">\n\t\t\t<style>\/*! elementor - v3.21.0 - 20-05-2024 *\/\n.elementor-widget-text-editor.elementor-drop-cap-view-stacked .elementor-drop-cap{background-color:#69727d;color:#fff}.elementor-widget-text-editor.elementor-drop-cap-view-framed .elementor-drop-cap{color:#69727d;border:3px solid;background-color:transparent}.elementor-widget-text-editor:not(.elementor-drop-cap-view-default) .elementor-drop-cap{margin-top:8px}.elementor-widget-text-editor:not(.elementor-drop-cap-view-default) .elementor-drop-cap-letter{width:1em;height:1em}.elementor-widget-text-editor .elementor-drop-cap{float:left;text-align:center;line-height:1;font-size:50px}.elementor-widget-text-editor .elementor-drop-cap-letter{display:inline-block}<\/style>\t\t\t\t<p>Le centre de formation est une cr\u00e9ation de l\u2019entreprise POCHECO, <span style=\"color: #a6b340;\">fabricant d\u2019enveloppes<\/span> implant\u00e9 \u00e0 Forest sur Marque, dans le nord de la France. POCHECO a entrepris sa transition \u00e9cologique d\u00e8s 1997. Depuis 25 ans, nous sommes port\u00e9s par la volont\u00e9 \u00ab d\u2019entreprendre sans d\u00e9truire \u00bb. Pour cela, nous avons fait des rapports du GIEC sur le climat et de l\u2019IPBES sur la biodiversit\u00e9 notre feuille de route pour guider nos choix industriels.<\/p><p>Cette exigence nous a conduit \u00e0 repenser notre activit\u00e9 en profondeur, depuis la conception des produits jusqu\u2019\u00e0 son int\u00e9gration territoriale, en passant par la red\u00e9finition des processus de production et des conditions de travail, la r\u00e9novation \u00e9cologique et \u00e9nerg\u00e9tique des b\u00e2timents, la mobilit\u00e9 des salari\u00e9s et l\u2019int\u00e9gration de la biodiversit\u00e9 sur le site.<\/p><p>Notre longue exp\u00e9rience dans la mise en \u0153uvre d\u2019une v\u00e9ritable transition \u00e9cologique chez POCHECO nous a permis de d\u00e9velopper une solide expertise et de proposer une offre de formations ax\u00e9e sur cette th\u00e9matique. Fort de notre expertise, nous nous attachons \u00e0 <span style=\"color: #a6b340;\">transmettre les principes, les \u00e9l\u00e9ments de m\u00e9thodes et les outils qui rendent possible la r\u00e9alisation de projets de transition \u00e9cologique<\/span> coh\u00e9rents et ambitieux, r\u00e9pondant aux besoins des entreprises et des collectivit\u00e9s<\/p>\t\t\t\t\t\t<\/div>\n\t\t\t\t<\/div>\n\t\t\t\t\t<\/div>\n\t\t<\/div>\n\t\t\t\t\t<\/div>\n\t\t<\/section>\n\t\t\t\t<section class=\"elementor-section elementor-top-section elementor-element elementor-element-5ac6b4e elementor-section-boxed elementor-section-height-default elementor-section-height-default\" data-id=\"5ac6b4e\" data-element_type=\"section\">\n\t\t\t\t\t\t<div class=\"elementor-container elementor-column-gap-default\">\n\t\t\t\t\t<div class=\"elementor-column elementor-col-100 elementor-top-column elementor-element elementor-element-9353c7b\" data-id=\"9353c7b\" data-element_type=\"column\">\n\t\t\t<div class=\"elementor-widget-wrap elementor-element-populated\">\n\t\t\t\t\t\t<div class=\"elementor-element elementor-element-5e7d4d2 elementor-widget elementor-widget-heading\" data-id=\"5e7d4d2\" data-element_type=\"widget\" data-widget_type=\"heading.default\">\n\t\t\t\t<div class=\"elementor-widget-container\">\n\t\t\t<h2 class=\"elementor-heading-title elementor-size-default\">POCHECO, Site d\u00e9monstrateur de l\u2019\u00e9colonomie<\/h2>\t\t<\/div>\n\t\t\t\t<\/div>\n\t\t\t\t<div class=\"elementor-element elementor-element-20b5a19 elementor-widget elementor-widget-image\" data-id=\"20b5a19\" data-element_type=\"widget\" data-widget_type=\"image.default\">\n\t\t\t\t<div class=\"elementor-widget-container\">\n\t\t\t<style>\/*! elementor - v3.21.0 - 20-05-2024 *\/\n.elementor-widget-image{text-align:center}.elementor-widget-image a{display:inline-block}.elementor-widget-image a img[src$=\".svg\"]{width:48px}.elementor-widget-image img{vertical-align:middle;display:inline-block}<\/style>\t\t\t\t\t\t\t\t\t\t<img fetchpriority=\"high\" decoding=\"async\" width=\"1024\" height=\"704\" src=\"https:\/\/les-formations-pocheco.com\/wp-content\/uploads\/2023\/11\/photoQuiSommeNous-1024x704.jpg\" class=\"attachment-large size-large wp-image-9951\" alt=\"\" srcset=\"https:\/\/les-formations-pocheco.com\/wp-content\/uploads\/2023\/11\/photoQuiSommeNous-1024x704.jpg 1024w, https:\/\/les-formations-pocheco.com\/wp-content\/uploads\/2023\/11\/photoQuiSommeNous-300x206.jpg 300w, https:\/\/les-formations-pocheco.com\/wp-content\/uploads\/2023\/11\/photoQuiSommeNous-768x528.jpg 768w, https:\/\/les-formations-pocheco.com\/wp-content\/uploads\/2023\/11\/photoQuiSommeNous-1536x1055.jpg 1536w, https:\/\/les-formations-pocheco.com\/wp-content\/uploads\/2023\/11\/photoQuiSommeNous-2048x1407.jpg 2048w, https:\/\/les-formations-pocheco.com\/wp-content\/uploads\/2023\/11\/photoQuiSommeNous-600x412.jpg 600w\" sizes=\"(max-width: 1024px) 100vw, 1024px\" \/>\t\t\t\t\t\t\t\t\t\t\t\t\t<\/div>\n\t\t\t\t<\/div>\n\t\t\t\t<div class=\"elementor-element elementor-element-0ca7c2e elementor-widget elementor-widget-spacer\" data-id=\"0ca7c2e\" data-element_type=\"widget\" data-widget_type=\"spacer.default\">\n\t\t\t\t<div class=\"elementor-widget-container\">\n\t\t\t<style>\/*! elementor - v3.21.0 - 20-05-2024 *\/\n.elementor-column .elementor-spacer-inner{height:var(--spacer-size)}.e-con{--container-widget-width:100%}.e-con-inner>.elementor-widget-spacer,.e-con>.elementor-widget-spacer{width:var(--container-widget-width,var(--spacer-size));--align-self:var(--container-widget-align-self,initial);--flex-shrink:0}.e-con-inner>.elementor-widget-spacer>.elementor-widget-container,.e-con>.elementor-widget-spacer>.elementor-widget-container{height:100%;width:100%}.e-con-inner>.elementor-widget-spacer>.elementor-widget-container>.elementor-spacer,.e-con>.elementor-widget-spacer>.elementor-widget-container>.elementor-spacer{height:100%}.e-con-inner>.elementor-widget-spacer>.elementor-widget-container>.elementor-spacer>.elementor-spacer-inner,.e-con>.elementor-widget-spacer>.elementor-widget-container>.elementor-spacer>.elementor-spacer-inner{height:var(--container-widget-height,var(--spacer-size))}.e-con-inner>.elementor-widget-spacer.elementor-widget-empty,.e-con>.elementor-widget-spacer.elementor-widget-empty{position:relative;min-height:22px;min-width:22px}.e-con-inner>.elementor-widget-spacer.elementor-widget-empty .elementor-widget-empty-icon,.e-con>.elementor-widget-spacer.elementor-widget-empty .elementor-widget-empty-icon{position:absolute;top:0;bottom:0;left:0;right:0;margin:auto;padding:0;width:22px;height:22px}<\/style>\t\t<div class=\"elementor-spacer\">\n\t\t\t<div class=\"elementor-spacer-inner\"><\/div>\n\t\t<\/div>\n\t\t\t\t<\/div>\n\t\t\t\t<\/div>\n\t\t\t\t\t<\/div>\n\t\t<\/div>\n\t\t\t\t\t<\/div>\n\t\t<\/section>\n\t\t\t\t<section class=\"elementor-section elementor-top-section elementor-element elementor-element-9a61247 elementor-section-boxed elementor-section-height-default elementor-section-height-default\" data-id=\"9a61247\" data-element_type=\"section\">\n\t\t\t\t\t\t<div class=\"elementor-container elementor-column-gap-default\">\n\t\t\t\t\t<div class=\"elementor-column elementor-col-100 elementor-top-column elementor-element elementor-element-3f959cd\" data-id=\"3f959cd\" data-element_type=\"column\">\n\t\t\t<div class=\"elementor-widget-wrap elementor-element-populated\">\n\t\t\t\t\t\t<div class=\"elementor-element elementor-element-9ae6376 elementor-widget elementor-widget-text-editor\" data-id=\"9ae6376\" data-element_type=\"widget\" data-widget_type=\"text-editor.default\">\n\t\t\t\t<div class=\"elementor-widget-container\">\n\t\t\t\t\t\t\t<span style=\"color: #a6b340;\">Nos formateurs<\/span> sont s\u00e9lectionn\u00e9s avec attention pour leur \u00e9thique, leur expertise et leur exp\u00e9rience. Ce sont des personnes de terrain qui ont oeuvr\u00e9 \u00e0 des r\u00e9alisations concr\u00e8tes au cours de leur carri\u00e8re professionnelle. Ils sont donc en mesure d\u2019illustrer leur propos avec de nombreux retours d\u2019exp\u00e9rience\t\t\t\t\t\t<\/div>\n\t\t\t\t<\/div>\n\t\t\t\t<div class=\"elementor-element elementor-element-1324150 elementor-widget elementor-widget-image\" data-id=\"1324150\" data-element_type=\"widget\" data-widget_type=\"image.default\">\n\t\t\t\t<div class=\"elementor-widget-container\">\n\t\t\t\t\t\t\t\t\t\t\t\t\t<img decoding=\"async\" width=\"1024\" height=\"554\" src=\"https:\/\/les-formations-pocheco.com\/wp-content\/uploads\/2025\/10\/QuiSommesNous-1024x554.jpg\" class=\"attachment-large size-large wp-image-12533\" alt=\"\" srcset=\"https:\/\/les-formations-pocheco.com\/wp-content\/uploads\/2025\/10\/QuiSommesNous-1024x554.jpg 1024w, https:\/\/les-formations-pocheco.com\/wp-content\/uploads\/2025\/10\/QuiSommesNous-300x162.jpg 300w, https:\/\/les-formations-pocheco.com\/wp-content\/uploads\/2025\/10\/QuiSommesNous-768x416.jpg 768w, https:\/\/les-formations-pocheco.com\/wp-content\/uploads\/2025\/10\/QuiSommesNous-600x325.jpg 600w, https:\/\/les-formations-pocheco.com\/wp-content\/uploads\/2025\/10\/QuiSommesNous.jpg 1536w\" sizes=\"(max-width: 1024px) 100vw, 1024px\" \/>\t\t\t\t\t\t\t\t\t\t\t\t\t<\/div>\n\t\t\t\t<\/div>\n\t\t\t\t\t<\/div>\n\t\t<\/div>\n\t\t\t\t\t<\/div>\n\t\t<\/section>\n\t\t\t\t<section class=\"elementor-section elementor-top-section elementor-element elementor-element-65bf326 elementor-section-boxed elementor-section-height-default elementor-section-height-default\" data-id=\"65bf326\" data-element_type=\"section\">\n\t\t\t\t\t\t<div class=\"elementor-container elementor-column-gap-default\">\n\t\t\t\t\t<div class=\"elementor-column elementor-col-100 elementor-top-column elementor-element elementor-element-5bddd89\" data-id=\"5bddd89\" data-element_type=\"column\">\n\t\t\t<div class=\"elementor-widget-wrap elementor-element-populated\">\n\t\t\t\t\t\t<div class=\"elementor-element elementor-element-6fd84a0 elementor-widget elementor-widget-spacer\" data-id=\"6fd84a0\" data-element_type=\"widget\" data-widget_type=\"spacer.default\">\n\t\t\t\t<div class=\"elementor-widget-container\">\n\t\t\t\t\t<div class=\"elementor-spacer\">\n\t\t\t<div class=\"elementor-spacer-inner\"><\/div>\n\t\t<\/div>\n\t\t\t\t<\/div>\n\t\t\t\t<\/div>\n\t\t\t\t\t<\/div>\n\t\t<\/div>\n\t\t\t\t\t<\/div>\n\t\t<\/section>\n\t\t\t\t<\/div>\n\t\t","protected":false},"excerpt":{"rendered":"<p>LE CENTRE DE FORMATION POCHECO POCHECO, une entreprise engag\u00e9e dans la transition \u00e9cologique depuis 25 ans Le centre de formation est une cr\u00e9ation de l\u2019entreprise POCHECO, fabricant d\u2019enveloppes implant\u00e9 \u00e0&hellip;&nbsp;<a href=\"https:\/\/les-formations-pocheco.com\/index.php\/qui-sommes-nous\/\" class=\"\" rel=\"bookmark\">Lire la suite &raquo;<span class=\"screen-reader-text\">Qui sommes-nous<\/span><\/a><\/p>\n","protected":false},"author":18,"featured_media":0,"parent":0,"menu_order":0,"comment_status":"closed","ping_status":"closed","template":"page-templates\/template-pagebuilder-full-width.php","meta":{"_exactmetrics_skip_tracking":false,"_exactmetrics_sitenote_active":false,"_exactmetrics_sitenote_note":"","_exactmetrics_sitenote_category":0,"neve_meta_sidebar":"","neve_meta_container":"","neve_meta_enable_content_width":"","neve_meta_content_width":0,"neve_meta_title_alignment":"","neve_meta_author_avatar":"","neve_post_elements_order":"","neve_meta_disable_header":"","neve_meta_disable_footer":"","neve_meta_disable_title":"","footnotes":""},"yoast_head":"<!-- This site is optimized with the Yoast SEO plugin v22.4 - https:\/\/yoast.com\/wordpress\/plugins\/seo\/ -->\n<title>Qui sommes-nous - Les formations Pocheco<\/title>\n<meta name=\"description\" content=\"Les formations Pocheco est un centre de formation centr\u00e9 sur les enjeux de la transition \u00e9cologique et l&#039;\u00e9colonomie.\" \/>\n<meta name=\"robots\" content=\"index, follow, max-snippet:-1, max-image-preview:large, max-video-preview:-1\" \/>\n<link rel=\"canonical\" href=\"https:\/\/les-formations-pocheco.com\/index.php\/qui-sommes-nous\/\" \/>\n<meta property=\"og:locale\" content=\"fr_FR\" \/>\n<meta property=\"og:type\" content=\"article\" \/>\n<meta property=\"og:title\" content=\"Qui sommes-nous - Les formations Pocheco\" \/>\n<meta property=\"og:description\" content=\"Les formations Pocheco est un centre de formation centr\u00e9 sur les enjeux de la transition \u00e9cologique et l&#039;\u00e9colonomie.\" \/>\n<meta property=\"og:url\" content=\"https:\/\/les-formations-pocheco.com\/index.php\/qui-sommes-nous\/\" \/>\n<meta property=\"og:site_name\" content=\"Les formations Pocheco\" \/>\n<meta property=\"article:modified_time\" content=\"2025-10-15T07:58:14+00:00\" \/>\n<meta property=\"og:image\" content=\"https:\/\/les-formations-pocheco.com\/wp-content\/uploads\/2023\/11\/photoQuiSommeNous-1024x704.jpg\" \/>\n<meta name=\"twitter:card\" content=\"summary_large_image\" \/>\n<meta name=\"twitter:label1\" content=\"Dur\u00e9e de lecture estim\u00e9e\" \/>\n\t<meta name=\"twitter:data1\" content=\"2 minutes\" \/>\n<script type=\"application\/ld+json\" class=\"yoast-schema-graph\">{\"@context\":\"https:\/\/schema.org\",\"@graph\":[{\"@type\":\"WebPage\",\"@id\":\"https:\/\/les-formations-pocheco.com\/index.php\/qui-sommes-nous\/\",\"url\":\"https:\/\/les-formations-pocheco.com\/index.php\/qui-sommes-nous\/\",\"name\":\"Qui sommes-nous - Les formations Pocheco\",\"isPartOf\":{\"@id\":\"https:\/\/les-formations-pocheco.com\/#website\"},\"primaryImageOfPage\":{\"@id\":\"https:\/\/les-formations-pocheco.com\/index.php\/qui-sommes-nous\/#primaryimage\"},\"image\":{\"@id\":\"https:\/\/les-formations-pocheco.com\/index.php\/qui-sommes-nous\/#primaryimage\"},\"thumbnailUrl\":\"https:\/\/les-formations-pocheco.com\/wp-content\/uploads\/2023\/11\/photoQuiSommeNous-1024x704.jpg\",\"datePublished\":\"2021-10-25T08:33:06+00:00\",\"dateModified\":\"2025-10-15T07:58:14+00:00\",\"description\":\"Les formations Pocheco est un centre de formation centr\u00e9 sur les enjeux de la transition \u00e9cologique et l'\u00e9colonomie.\",\"breadcrumb\":{\"@id\":\"https:\/\/les-formations-pocheco.com\/index.php\/qui-sommes-nous\/#breadcrumb\"},\"inLanguage\":\"fr-FR\",\"potentialAction\":[{\"@type\":\"ReadAction\",\"target\":[\"https:\/\/les-formations-pocheco.com\/index.php\/qui-sommes-nous\/\"]}]},{\"@type\":\"ImageObject\",\"inLanguage\":\"fr-FR\",\"@id\":\"https:\/\/les-formations-pocheco.com\/index.php\/qui-sommes-nous\/#primaryimage\",\"url\":\"https:\/\/les-formations-pocheco.com\/wp-content\/uploads\/2023\/11\/photoQuiSommeNous-scaled.jpg\",\"contentUrl\":\"https:\/\/les-formations-pocheco.com\/wp-content\/uploads\/2023\/11\/photoQuiSommeNous-scaled.jpg\",\"width\":2560,\"height\":1759},{\"@type\":\"BreadcrumbList\",\"@id\":\"https:\/\/les-formations-pocheco.com\/index.php\/qui-sommes-nous\/#breadcrumb\",\"itemListElement\":[{\"@type\":\"ListItem\",\"position\":1,\"name\":\"Accueil\",\"item\":\"https:\/\/les-formations-pocheco.com\/\"},{\"@type\":\"ListItem\",\"position\":2,\"name\":\"Qui sommes-nous\"}]},{\"@type\":\"WebSite\",\"@id\":\"https:\/\/les-formations-pocheco.com\/#website\",\"url\":\"https:\/\/les-formations-pocheco.com\/\",\"name\":\"Les formations Pocheco\",\"description\":\"\",\"publisher\":{\"@id\":\"https:\/\/les-formations-pocheco.com\/#organization\"},\"potentialAction\":[{\"@type\":\"SearchAction\",\"target\":{\"@type\":\"EntryPoint\",\"urlTemplate\":\"https:\/\/les-formations-pocheco.com\/?s={search_term_string}\"},\"query-input\":\"required name=search_term_string\"}],\"inLanguage\":\"fr-FR\"},{\"@type\":\"Organization\",\"@id\":\"https:\/\/les-formations-pocheco.com\/#organization\",\"name\":\"Les formations Pocheco\",\"url\":\"https:\/\/les-formations-pocheco.com\/\",\"logo\":{\"@type\":\"ImageObject\",\"inLanguage\":\"fr-FR\",\"@id\":\"https:\/\/les-formations-pocheco.com\/#\/schema\/logo\/image\/\",\"url\":\"https:\/\/les-formations-pocheco.com\/wp-content\/uploads\/2021\/10\/formations.png\",\"contentUrl\":\"https:\/\/les-formations-pocheco.com\/wp-content\/uploads\/2021\/10\/formations.png\",\"width\":500,\"height\":300,\"caption\":\"Les formations Pocheco\"},\"image\":{\"@id\":\"https:\/\/les-formations-pocheco.com\/#\/schema\/logo\/image\/\"}}]}<\/script>\n<!-- \/ Yoast SEO plugin. -->","yoast_head_json":{"title":"Qui sommes-nous - Les formations Pocheco","description":"Les formations Pocheco est un centre de formation centr\u00e9 sur les enjeux de la transition \u00e9cologique et l'\u00e9colonomie.","robots":{"index":"index","follow":"follow","max-snippet":"max-snippet:-1","max-image-preview":"max-image-preview:large","max-video-preview":"max-video-preview:-1"},"canonical":"https:\/\/les-formations-pocheco.com\/index.php\/qui-sommes-nous\/","og_locale":"fr_FR","og_type":"article","og_title":"Qui sommes-nous - Les formations Pocheco","og_description":"Les formations Pocheco est un centre de formation centr\u00e9 sur les enjeux de la transition \u00e9cologique et l'\u00e9colonomie.","og_url":"https:\/\/les-formations-pocheco.com\/index.php\/qui-sommes-nous\/","og_site_name":"Les formations Pocheco","article_modified_time":"2025-10-15T07:58:14+00:00","og_image":[{"url":"https:\/\/les-formations-pocheco.com\/wp-content\/uploads\/2023\/11\/photoQuiSommeNous-1024x704.jpg"}],"twitter_card":"summary_large_image","twitter_misc":{"Dur\u00e9e de lecture estim\u00e9e":"2 minutes"},"schema":{"@context":"https:\/\/schema.org","@graph":[{"@type":"WebPage","@id":"https:\/\/les-formations-pocheco.com\/index.php\/qui-sommes-nous\/","url":"https:\/\/les-formations-pocheco.com\/index.php\/qui-sommes-nous\/","name":"Qui sommes-nous - Les formations Pocheco","isPartOf":{"@id":"https:\/\/les-formations-pocheco.com\/#website"},"primaryImageOfPage":{"@id":"https:\/\/les-formations-pocheco.com\/index.php\/qui-sommes-nous\/#primaryimage"},"image":{"@id":"https:\/\/les-formations-pocheco.com\/index.php\/qui-sommes-nous\/#primaryimage"},"thumbnailUrl":"https:\/\/les-formations-pocheco.com\/wp-content\/uploads\/2023\/11\/photoQuiSommeNous-1024x704.jpg","datePublished":"2021-10-25T08:33:06+00:00","dateModified":"2025-10-15T07:58:14+00:00","description":"Les formations Pocheco est un centre de formation centr\u00e9 sur les enjeux de la transition \u00e9cologique et l'\u00e9colonomie.","breadcrumb":{"@id":"https:\/\/les-formations-pocheco.com\/index.php\/qui-sommes-nous\/#breadcrumb"},"inLanguage":"fr-FR","potentialAction":[{"@type":"ReadAction","target":["https:\/\/les-formations-pocheco.com\/index.php\/qui-sommes-nous\/"]}]},{"@type":"ImageObject","inLanguage":"fr-FR","@id":"https:\/\/les-formations-pocheco.com\/index.php\/qui-sommes-nous\/#primaryimage","url":"https:\/\/les-formations-pocheco.com\/wp-content\/uploads\/2023\/11\/photoQuiSommeNous-scaled.jpg","contentUrl":"https:\/\/les-formations-pocheco.com\/wp-content\/uploads\/2023\/11\/photoQuiSommeNous-scaled.jpg","width":2560,"height":1759},{"@type":"BreadcrumbList","@id":"https:\/\/les-formations-pocheco.com\/index.php\/qui-sommes-nous\/#breadcrumb","itemListElement":[{"@type":"ListItem","position":1,"name":"Accueil","item":"https:\/\/les-formations-pocheco.com\/"},{"@type":"ListItem","position":2,"name":"Qui sommes-nous"}]},{"@type":"WebSite","@id":"https:\/\/les-formations-pocheco.com\/#website","url":"https:\/\/les-formations-pocheco.com\/","name":"Les formations Pocheco","description":"","publisher":{"@id":"https:\/\/les-formations-pocheco.com\/#organization"},"potentialAction":[{"@type":"SearchAction","target":{"@type":"EntryPoint","urlTemplate":"https:\/\/les-formations-pocheco.com\/?s={search_term_string}"},"query-input":"required name=search_term_string"}],"inLanguage":"fr-FR"},{"@type":"Organization","@id":"https:\/\/les-formations-pocheco.com\/#organization","name":"Les formations Pocheco","url":"https:\/\/les-formations-pocheco.com\/","logo":{"@type":"ImageObject","inLanguage":"fr-FR","@id":"https:\/\/les-formations-pocheco.com\/#\/schema\/logo\/image\/","url":"https:\/\/les-formations-pocheco.com\/wp-content\/uploads\/2021\/10\/formations.png","contentUrl":"https:\/\/les-formations-pocheco.com\/wp-content\/uploads\/2021\/10\/formations.png","width":500,"height":300,"caption":"Les formations Pocheco"},"image":{"@id":"https:\/\/les-formations-pocheco.com\/#\/schema\/logo\/image\/"}}]}},"_links":{"self":[{"href":"https:\/\/les-formations-pocheco.com\/index.php\/wp-json\/wp\/v2\/pages\/3648"}],"collection":[{"href":"https:\/\/les-formations-pocheco.com\/index.php\/wp-json\/wp\/v2\/pages"}],"about":[{"href":"https:\/\/les-formations-pocheco.com\/index.php\/wp-json\/wp\/v2\/types\/page"}],"author":[{"embeddable":true,"href":"https:\/\/les-formations-pocheco.com\/index.php\/wp-json\/wp\/v2\/users\/18"}],"replies":[{"embeddable":true,"href":"https:\/\/les-formations-pocheco.com\/index.php\/wp-json\/wp\/v2\/comments?post=3648"}],"version-history":[{"count":212,"href":"https:\/\/les-formations-pocheco.com\/index.php\/wp-json\/wp\/v2\/pages\/3648\/revisions"}],"predecessor-version":[{"id":12536,"href":"https:\/\/les-formations-pocheco.com\/index.php\/wp-json\/wp\/v2\/pages\/3648\/revisions\/12536"}],"wp:attachment":[{"href":"https:\/\/les-formations-pocheco.com\/index.php\/wp-json\/wp\/v2\/media?parent=3648"}],"curies":[{"name":"wp","href":"https:\/\/api.w.org\/{rel}","templated":true}]}}