{"id":12177,"date":"2024-12-18T15:08:33","date_gmt":"2024-12-18T14:08:33","guid":{"rendered":"https:\/\/les-formations-pocheco.com\/?page_id=12177"},"modified":"2024-12-19T16:59:46","modified_gmt":"2024-12-19T15:59:46","slug":"webinaire-diane-dupre","status":"publish","type":"page","link":"https:\/\/les-formations-pocheco.com\/index.php\/webinaire-diane-dupre\/","title":{"rendered":"Webinaire Diane Dupre"},"content":{"rendered":"\t\t<div data-elementor-type=\"wp-page\" data-elementor-id=\"12177\" class=\"elementor elementor-12177\">\n\t\t\t\t\t\t<section class=\"elementor-section elementor-top-section elementor-element elementor-element-7215a8fa elementor-section-boxed elementor-section-height-default elementor-section-height-default\" data-id=\"7215a8fa\" data-element_type=\"section\">\n\t\t\t\t\t\t<div class=\"elementor-container elementor-column-gap-default\">\n\t\t\t\t\t<div class=\"elementor-column elementor-col-100 elementor-top-column elementor-element elementor-element-52417c97\" data-id=\"52417c97\" data-element_type=\"column\">\n\t\t\t<div class=\"elementor-widget-wrap elementor-element-populated\">\n\t\t\t\t\t\t<div class=\"elementor-element elementor-element-5072af43 elementor-widget elementor-widget-image\" data-id=\"5072af43\" data-element_type=\"widget\" data-widget_type=\"image.default\">\n\t\t\t\t<div class=\"elementor-widget-container\">\n\t\t\t<style>\/*! elementor - v3.21.0 - 20-05-2024 *\/\n.elementor-widget-image{text-align:center}.elementor-widget-image a{display:inline-block}.elementor-widget-image a img[src$=\".svg\"]{width:48px}.elementor-widget-image img{vertical-align:middle;display:inline-block}<\/style>\t\t\t\t\t\t\t\t\t\t<img fetchpriority=\"high\" decoding=\"async\" width=\"2560\" height=\"937\" src=\"https:\/\/les-formations-pocheco.com\/wp-content\/uploads\/2024\/12\/rde-webinaire.png\" class=\"attachment-full size-full wp-image-12182\" alt=\"\" srcset=\"https:\/\/les-formations-pocheco.com\/wp-content\/uploads\/2024\/12\/rde-webinaire.png 2560w, https:\/\/les-formations-pocheco.com\/wp-content\/uploads\/2024\/12\/rde-webinaire-300x110.png 300w, https:\/\/les-formations-pocheco.com\/wp-content\/uploads\/2024\/12\/rde-webinaire-1024x375.png 1024w, https:\/\/les-formations-pocheco.com\/wp-content\/uploads\/2024\/12\/rde-webinaire-768x281.png 768w, https:\/\/les-formations-pocheco.com\/wp-content\/uploads\/2024\/12\/rde-webinaire-1536x562.png 1536w, https:\/\/les-formations-pocheco.com\/wp-content\/uploads\/2024\/12\/rde-webinaire-2048x750.png 2048w, https:\/\/les-formations-pocheco.com\/wp-content\/uploads\/2024\/12\/rde-webinaire-600x220.png 600w\" sizes=\"(max-width: 2560px) 100vw, 2560px\" \/>\t\t\t\t\t\t\t\t\t\t\t\t\t<\/div>\n\t\t\t\t<\/div>\n\t\t\t\t\t<\/div>\n\t\t<\/div>\n\t\t\t\t\t<\/div>\n\t\t<\/section>\n\t\t\t\t<section class=\"elementor-section elementor-top-section elementor-element elementor-element-59b62967 elementor-section-height-min-height elementor-section-full_width elementor-section-height-default elementor-section-items-middle\" data-id=\"59b62967\" data-element_type=\"section\">\n\t\t\t\t\t\t<div class=\"elementor-container elementor-column-gap-default\">\n\t\t\t\t\t<div class=\"elementor-column elementor-col-100 elementor-top-column elementor-element elementor-element-3c091cf5\" data-id=\"3c091cf5\" data-element_type=\"column\">\n\t\t\t<div class=\"elementor-widget-wrap elementor-element-populated\">\n\t\t\t\t\t\t<div class=\"elementor-element elementor-element-4e6e4c5c elementor-hidden-mobile elementor-widget elementor-widget-heading\" data-id=\"4e6e4c5c\" data-element_type=\"widget\" data-widget_type=\"heading.default\">\n\t\t\t\t<div class=\"elementor-widget-container\">\n\t\t\t<style>\/*! elementor - v3.21.0 - 20-05-2024 *\/\n.elementor-heading-title{padding:0;margin:0;line-height:1}.elementor-widget-heading .elementor-heading-title[class*=elementor-size-]>a{color:inherit;font-size:inherit;line-height:inherit}.elementor-widget-heading .elementor-heading-title.elementor-size-small{font-size:15px}.elementor-widget-heading .elementor-heading-title.elementor-size-medium{font-size:19px}.elementor-widget-heading .elementor-heading-title.elementor-size-large{font-size:29px}.elementor-widget-heading .elementor-heading-title.elementor-size-xl{font-size:39px}.elementor-widget-heading .elementor-heading-title.elementor-size-xxl{font-size:59px}<\/style><h2 class=\"elementor-heading-title elementor-size-default\">Webinaire avec Diane DUPR\u00c9 LATOUR<\/h2>\t\t<\/div>\n\t\t\t\t<\/div>\n\t\t\t\t<div class=\"elementor-element elementor-element-a3b96e6 elementor-hidden-desktop elementor-hidden-tablet elementor-widget elementor-widget-heading\" data-id=\"a3b96e6\" data-element_type=\"widget\" data-widget_type=\"heading.default\">\n\t\t\t\t<div class=\"elementor-widget-container\">\n\t\t\t<h2 class=\"elementor-heading-title elementor-size-default\">Webinaire avec <br>Diane DUPR\u00c9 LATOUR<\/h2>\t\t<\/div>\n\t\t\t\t<\/div>\n\t\t\t\t<div class=\"elementor-element elementor-element-1aa61863 elementor-widget elementor-widget-heading\" data-id=\"1aa61863\" data-element_type=\"widget\" data-widget_type=\"heading.default\">\n\t\t\t\t<div class=\"elementor-widget-container\">\n\t\t\t<h2 class=\"elementor-heading-title elementor-size-default\">\u00ab Comme \u00e0  la maison \u00bb<\/h2>\t\t<\/div>\n\t\t\t\t<\/div>\n\t\t\t\t<div class=\"elementor-element elementor-element-3e60b223 elementor-widget elementor-widget-heading\" data-id=\"3e60b223\" data-element_type=\"widget\" data-widget_type=\"heading.default\">\n\t\t\t\t<div class=\"elementor-widget-container\">\n\t\t\t<h2 class=\"elementor-heading-title elementor-size-default\">Le mercredi 15 janvier 2025 \u00e0 12h30 (dur\u00e9e du webinaire : 1h00)<\/h2>\t\t<\/div>\n\t\t\t\t<\/div>\n\t\t\t\t<div class=\"elementor-element elementor-element-6348754 elementor-widget elementor-widget-heading\" data-id=\"6348754\" data-element_type=\"widget\" data-widget_type=\"heading.default\">\n\t\t\t\t<div class=\"elementor-widget-container\">\n\t\t\t<h2 class=\"elementor-heading-title elementor-size-default\">Participation gratuite <\/h2>\t\t<\/div>\n\t\t\t\t<\/div>\n\t\t\t\t<div class=\"elementor-element elementor-element-4dbdb06 elementor-widget elementor-widget-heading\" data-id=\"4dbdb06\" data-element_type=\"widget\" data-widget_type=\"heading.default\">\n\t\t\t\t<div class=\"elementor-widget-container\">\n\t\t\t<h2 class=\"elementor-heading-title elementor-size-default\">Inscription obligatoire<\/h2>\t\t<\/div>\n\t\t\t\t<\/div>\n\t\t\t\t<div class=\"elementor-element elementor-element-dbb3742 elementor-align-center elementor-widget elementor-widget-button\" data-id=\"dbb3742\" data-element_type=\"widget\" data-widget_type=\"button.default\">\n\t\t\t\t<div class=\"elementor-widget-container\">\n\t\t\t\t\t<div class=\"elementor-button-wrapper\">\n\t\t\t<a class=\"elementor-button elementor-button-link elementor-size-sm elementor-animation-grow\" href=\"https:\/\/us06web.zoom.us\/webinar\/register\/3017346028780\/WN_pt60Ht4nTNix_E7LshdHCw\">\n\t\t\t\t\t\t<span class=\"elementor-button-content-wrapper\">\n\t\t\t\t\t\t\t\t\t<span class=\"elementor-button-text\">Je m'inscris<\/span>\n\t\t\t\t\t<\/span>\n\t\t\t\t\t<\/a>\n\t\t<\/div>\n\t\t\t\t<\/div>\n\t\t\t\t<\/div>\n\t\t\t\t<section class=\"elementor-section elementor-inner-section elementor-element elementor-element-2d25841 elementor-section-boxed elementor-section-height-default elementor-section-height-default\" data-id=\"2d25841\" data-element_type=\"section\">\n\t\t\t\t\t\t<div class=\"elementor-container elementor-column-gap-default\">\n\t\t\t\t\t<div class=\"elementor-column elementor-col-50 elementor-inner-column elementor-element elementor-element-8eaf3b5\" data-id=\"8eaf3b5\" data-element_type=\"column\">\n\t\t\t<div class=\"elementor-widget-wrap elementor-element-populated\">\n\t\t\t\t\t\t<div class=\"elementor-element elementor-element-a4a3c92 elementor-widget elementor-widget-heading\" data-id=\"a4a3c92\" data-element_type=\"widget\" data-widget_type=\"heading.default\">\n\t\t\t\t<div class=\"elementor-widget-container\">\n\t\t\t<h2 class=\"elementor-heading-title elementor-size-default\">Comme \u00e0 la maison <\/h2>\t\t<\/div>\n\t\t\t\t<\/div>\n\t\t\t\t<div class=\"elementor-element elementor-element-2a46fd47 elementor-widget elementor-widget-text-editor\" data-id=\"2a46fd47\" data-element_type=\"widget\" data-widget_type=\"text-editor.default\">\n\t\t\t\t<div class=\"elementor-widget-container\">\n\t\t\t<style>\/*! elementor - v3.21.0 - 20-05-2024 *\/\n.elementor-widget-text-editor.elementor-drop-cap-view-stacked .elementor-drop-cap{background-color:#69727d;color:#fff}.elementor-widget-text-editor.elementor-drop-cap-view-framed .elementor-drop-cap{color:#69727d;border:3px solid;background-color:transparent}.elementor-widget-text-editor:not(.elementor-drop-cap-view-default) .elementor-drop-cap{margin-top:8px}.elementor-widget-text-editor:not(.elementor-drop-cap-view-default) .elementor-drop-cap-letter{width:1em;height:1em}.elementor-widget-text-editor .elementor-drop-cap{float:left;text-align:center;line-height:1;font-size:50px}.elementor-widget-text-editor .elementor-drop-cap-letter{display:inline-block}<\/style>\t\t\t\t<p>A l\u2019occasion de la sortie de son livre \u00ab<em> Comme \u00e0 la maison<\/em> \u00bb publi\u00e9 aux \u00e9ditions Actes Sud, Diane Dupr\u00e9 la Tour vient nous pr\u00e9senter son projet de cantines participatives cr\u00e9e en 2018 et qui depuis, conna\u00eet un bel essor.<\/p><p>\u00a0<\/p><p>Elle nous parlera plus particuli\u00e8rement de la source de son engagement et des enjeux qui traversent ce projet. Ce sera l\u2019occasion d\u2019\u00e9changer autour de la question de la <span style=\"color: #00839b; font-weight: bold;\"> coop\u00e9ration<\/span>, des ingr\u00e9dients indispensables \u00e0 sa <span style=\"color: #00839b; font-weight: bold;\"> mise en oeuvre<\/span> et de la place de la <span style=\"color: #00839b; font-weight: bold;\"> confiance.<\/span><\/p>\t\t\t\t\t\t<\/div>\n\t\t\t\t<\/div>\n\t\t\t\t\t<\/div>\n\t\t<\/div>\n\t\t\t\t<div class=\"elementor-column elementor-col-50 elementor-inner-column elementor-element elementor-element-0f39735\" data-id=\"0f39735\" data-element_type=\"column\">\n\t\t\t<div class=\"elementor-widget-wrap elementor-element-populated\">\n\t\t\t\t\t\t<div class=\"elementor-element elementor-element-f59836f elementor-widget elementor-widget-image\" data-id=\"f59836f\" data-element_type=\"widget\" data-widget_type=\"image.default\">\n\t\t\t\t<div class=\"elementor-widget-container\">\n\t\t\t\t\t\t\t\t\t\t\t\t\t<img decoding=\"async\" width=\"426\" height=\"808\" src=\"https:\/\/les-formations-pocheco.com\/wp-content\/uploads\/2024\/12\/livre-anne-Dupre.jpg\" class=\"attachment-large size-large wp-image-12183\" alt=\"\" srcset=\"https:\/\/les-formations-pocheco.com\/wp-content\/uploads\/2024\/12\/livre-anne-Dupre.jpg 426w, https:\/\/les-formations-pocheco.com\/wp-content\/uploads\/2024\/12\/livre-anne-Dupre-158x300.jpg 158w\" sizes=\"(max-width: 426px) 100vw, 426px\" \/>\t\t\t\t\t\t\t\t\t\t\t\t\t<\/div>\n\t\t\t\t<\/div>\n\t\t\t\t\t<\/div>\n\t\t<\/div>\n\t\t\t\t\t<\/div>\n\t\t<\/section>\n\t\t\t\t\t<\/div>\n\t\t<\/div>\n\t\t\t\t\t<\/div>\n\t\t<\/section>\n\t\t\t\t<section class=\"elementor-section elementor-top-section elementor-element elementor-element-49bcb64 elementor-section-boxed elementor-section-height-default elementor-section-height-default\" data-id=\"49bcb64\" data-element_type=\"section\">\n\t\t\t\t\t\t<div class=\"elementor-container elementor-column-gap-default\">\n\t\t\t\t\t<div class=\"elementor-column elementor-col-100 elementor-top-column elementor-element elementor-element-a328a3f\" data-id=\"a328a3f\" data-element_type=\"column\">\n\t\t\t<div class=\"elementor-widget-wrap elementor-element-populated\">\n\t\t\t\t\t\t<div class=\"elementor-element elementor-element-32f737b elementor-widget elementor-widget-text-editor\" data-id=\"32f737b\" data-element_type=\"widget\" data-widget_type=\"text-editor.default\">\n\t\t\t\t<div class=\"elementor-widget-container\">\n\t\t\t\t\t\t\t<p>Diane Dupr\u00e9 la Tour a d\u00e9but\u00e9 comme journaliste dans la presse \u00e9conomique. En 2020, elle a re\u00e7u la distinction internationale de Fellow Ashoka, qui soutient et accompagne des entrepreneurs sociaux visionnaires, capables de transformer en profondeur le fonctionnement de notre soci\u00e9t\u00e9.<\/p>\t\t\t\t\t\t<\/div>\n\t\t\t\t<\/div>\n\t\t\t\t<div class=\"elementor-element elementor-element-53b84ec elementor-widget elementor-widget-heading\" data-id=\"53b84ec\" data-element_type=\"widget\" data-widget_type=\"heading.default\">\n\t\t\t\t<div class=\"elementor-widget-container\">\n\t\t\t<h3 class=\"elementor-heading-title elementor-size-default\">+ d\u2019info sur <\/h3>\t\t<\/div>\n\t\t\t\t<\/div>\n\t\t\t\t<div class=\"elementor-element elementor-element-4c74246 elementor-widget elementor-widget-heading\" data-id=\"4c74246\" data-element_type=\"widget\" data-widget_type=\"heading.default\">\n\t\t\t\t<div class=\"elementor-widget-container\">\n\t\t\t<h3 class=\"elementor-heading-title elementor-size-default\"><a href=\"mailto:lesrencontres@pocheco.com\">lesrencontres@pocheco.com<\/a><\/h3>\t\t<\/div>\n\t\t\t\t<\/div>\n\t\t\t\t\t<\/div>\n\t\t<\/div>\n\t\t\t\t\t<\/div>\n\t\t<\/section>\n\t\t\t\t<\/div>\n\t\t","protected":false},"excerpt":{"rendered":"<p>Webinaire avec Diane DUPR\u00c9 LATOUR Webinaire avec Diane DUPR\u00c9 LATOUR \u00ab Comme \u00e0 la maison \u00bb Le mercredi 15 janvier 2025 \u00e0 12h30 (dur\u00e9e du webinaire : 1h00) Participation gratuite&hellip;&nbsp;<a href=\"https:\/\/les-formations-pocheco.com\/index.php\/webinaire-diane-dupre\/\" class=\"\" rel=\"bookmark\">Lire la suite &raquo;<span class=\"screen-reader-text\">Webinaire Diane Dupre<\/span><\/a><\/p>\n","protected":false},"author":25,"featured_media":0,"parent":0,"menu_order":0,"comment_status":"closed","ping_status":"closed","template":"elementor_header_footer","meta":{"_exactmetrics_skip_tracking":false,"_exactmetrics_sitenote_active":false,"_exactmetrics_sitenote_note":"","_exactmetrics_sitenote_category":0,"neve_meta_sidebar":"","neve_meta_container":"","neve_meta_enable_content_width":"","neve_meta_content_width":0,"neve_meta_title_alignment":"","neve_meta_author_avatar":"","neve_post_elements_order":"","neve_meta_disable_header":"","neve_meta_disable_footer":"","neve_meta_disable_title":"","footnotes":""},"yoast_head":"<!-- This site is optimized with the Yoast SEO plugin v22.4 - https:\/\/yoast.com\/wordpress\/plugins\/seo\/ -->\n<title>Webinaire Diane Dupre - Les formations Pocheco<\/title>\n<meta name=\"robots\" content=\"index, follow, max-snippet:-1, max-image-preview:large, max-video-preview:-1\" \/>\n<link rel=\"canonical\" href=\"https:\/\/les-formations-pocheco.com\/index.php\/webinaire-diane-dupre\/\" \/>\n<meta property=\"og:locale\" content=\"fr_FR\" \/>\n<meta property=\"og:type\" content=\"article\" \/>\n<meta property=\"og:title\" content=\"Webinaire Diane Dupre - Les formations Pocheco\" \/>\n<meta property=\"og:description\" content=\"Webinaire avec Diane DUPR\u00c9 LATOUR Webinaire avec Diane DUPR\u00c9 LATOUR \u00ab Comme \u00e0 la maison \u00bb Le mercredi 15 janvier 2025 \u00e0 12h30 (dur\u00e9e du webinaire : 1h00) Participation gratuite&hellip;&nbsp;Lire la suite &raquo;Webinaire Diane Dupre\" \/>\n<meta property=\"og:url\" content=\"https:\/\/les-formations-pocheco.com\/index.php\/webinaire-diane-dupre\/\" \/>\n<meta property=\"og:site_name\" content=\"Les formations Pocheco\" \/>\n<meta property=\"article:modified_time\" content=\"2024-12-19T15:59:46+00:00\" \/>\n<meta property=\"og:image\" content=\"https:\/\/les-formations-pocheco.com\/wp-content\/uploads\/2024\/12\/rde-webinaire.png\" \/>\n<meta name=\"twitter:card\" content=\"summary_large_image\" \/>\n<meta name=\"twitter:label1\" content=\"Dur\u00e9e de lecture estim\u00e9e\" \/>\n\t<meta name=\"twitter:data1\" content=\"2 minutes\" \/>\n<script type=\"application\/ld+json\" class=\"yoast-schema-graph\">{\"@context\":\"https:\/\/schema.org\",\"@graph\":[{\"@type\":\"WebPage\",\"@id\":\"https:\/\/les-formations-pocheco.com\/index.php\/webinaire-diane-dupre\/\",\"url\":\"https:\/\/les-formations-pocheco.com\/index.php\/webinaire-diane-dupre\/\",\"name\":\"Webinaire Diane Dupre - Les formations Pocheco\",\"isPartOf\":{\"@id\":\"https:\/\/les-formations-pocheco.com\/#website\"},\"primaryImageOfPage\":{\"@id\":\"https:\/\/les-formations-pocheco.com\/index.php\/webinaire-diane-dupre\/#primaryimage\"},\"image\":{\"@id\":\"https:\/\/les-formations-pocheco.com\/index.php\/webinaire-diane-dupre\/#primaryimage\"},\"thumbnailUrl\":\"https:\/\/les-formations-pocheco.com\/wp-content\/uploads\/2024\/12\/rde-webinaire.png\",\"datePublished\":\"2024-12-18T14:08:33+00:00\",\"dateModified\":\"2024-12-19T15:59:46+00:00\",\"breadcrumb\":{\"@id\":\"https:\/\/les-formations-pocheco.com\/index.php\/webinaire-diane-dupre\/#breadcrumb\"},\"inLanguage\":\"fr-FR\",\"potentialAction\":[{\"@type\":\"ReadAction\",\"target\":[\"https:\/\/les-formations-pocheco.com\/index.php\/webinaire-diane-dupre\/\"]}]},{\"@type\":\"ImageObject\",\"inLanguage\":\"fr-FR\",\"@id\":\"https:\/\/les-formations-pocheco.com\/index.php\/webinaire-diane-dupre\/#primaryimage\",\"url\":\"https:\/\/les-formations-pocheco.com\/wp-content\/uploads\/2024\/12\/rde-webinaire.png\",\"contentUrl\":\"https:\/\/les-formations-pocheco.com\/wp-content\/uploads\/2024\/12\/rde-webinaire.png\",\"width\":2560,\"height\":937},{\"@type\":\"BreadcrumbList\",\"@id\":\"https:\/\/les-formations-pocheco.com\/index.php\/webinaire-diane-dupre\/#breadcrumb\",\"itemListElement\":[{\"@type\":\"ListItem\",\"position\":1,\"name\":\"Accueil\",\"item\":\"https:\/\/les-formations-pocheco.com\/\"},{\"@type\":\"ListItem\",\"position\":2,\"name\":\"Webinaire Diane Dupre\"}]},{\"@type\":\"WebSite\",\"@id\":\"https:\/\/les-formations-pocheco.com\/#website\",\"url\":\"https:\/\/les-formations-pocheco.com\/\",\"name\":\"Les formations Pocheco\",\"description\":\"\",\"publisher\":{\"@id\":\"https:\/\/les-formations-pocheco.com\/#organization\"},\"potentialAction\":[{\"@type\":\"SearchAction\",\"target\":{\"@type\":\"EntryPoint\",\"urlTemplate\":\"https:\/\/les-formations-pocheco.com\/?s={search_term_string}\"},\"query-input\":\"required name=search_term_string\"}],\"inLanguage\":\"fr-FR\"},{\"@type\":\"Organization\",\"@id\":\"https:\/\/les-formations-pocheco.com\/#organization\",\"name\":\"Les formations Pocheco\",\"url\":\"https:\/\/les-formations-pocheco.com\/\",\"logo\":{\"@type\":\"ImageObject\",\"inLanguage\":\"fr-FR\",\"@id\":\"https:\/\/les-formations-pocheco.com\/#\/schema\/logo\/image\/\",\"url\":\"https:\/\/les-formations-pocheco.com\/wp-content\/uploads\/2021\/10\/formations.png\",\"contentUrl\":\"https:\/\/les-formations-pocheco.com\/wp-content\/uploads\/2021\/10\/formations.png\",\"width\":500,\"height\":300,\"caption\":\"Les formations Pocheco\"},\"image\":{\"@id\":\"https:\/\/les-formations-pocheco.com\/#\/schema\/logo\/image\/\"}}]}<\/script>\n<!-- \/ Yoast SEO plugin. -->","yoast_head_json":{"title":"Webinaire Diane Dupre - Les formations Pocheco","robots":{"index":"index","follow":"follow","max-snippet":"max-snippet:-1","max-image-preview":"max-image-preview:large","max-video-preview":"max-video-preview:-1"},"canonical":"https:\/\/les-formations-pocheco.com\/index.php\/webinaire-diane-dupre\/","og_locale":"fr_FR","og_type":"article","og_title":"Webinaire Diane Dupre - Les formations Pocheco","og_description":"Webinaire avec Diane DUPR\u00c9 LATOUR Webinaire avec Diane DUPR\u00c9 LATOUR \u00ab Comme \u00e0 la maison \u00bb Le mercredi 15 janvier 2025 \u00e0 12h30 (dur\u00e9e du webinaire : 1h00) Participation gratuite&hellip;&nbsp;Lire la suite &raquo;Webinaire Diane Dupre","og_url":"https:\/\/les-formations-pocheco.com\/index.php\/webinaire-diane-dupre\/","og_site_name":"Les formations Pocheco","article_modified_time":"2024-12-19T15:59:46+00:00","og_image":[{"url":"https:\/\/les-formations-pocheco.com\/wp-content\/uploads\/2024\/12\/rde-webinaire.png"}],"twitter_card":"summary_large_image","twitter_misc":{"Dur\u00e9e de lecture estim\u00e9e":"2 minutes"},"schema":{"@context":"https:\/\/schema.org","@graph":[{"@type":"WebPage","@id":"https:\/\/les-formations-pocheco.com\/index.php\/webinaire-diane-dupre\/","url":"https:\/\/les-formations-pocheco.com\/index.php\/webinaire-diane-dupre\/","name":"Webinaire Diane Dupre - Les formations Pocheco","isPartOf":{"@id":"https:\/\/les-formations-pocheco.com\/#website"},"primaryImageOfPage":{"@id":"https:\/\/les-formations-pocheco.com\/index.php\/webinaire-diane-dupre\/#primaryimage"},"image":{"@id":"https:\/\/les-formations-pocheco.com\/index.php\/webinaire-diane-dupre\/#primaryimage"},"thumbnailUrl":"https:\/\/les-formations-pocheco.com\/wp-content\/uploads\/2024\/12\/rde-webinaire.png","datePublished":"2024-12-18T14:08:33+00:00","dateModified":"2024-12-19T15:59:46+00:00","breadcrumb":{"@id":"https:\/\/les-formations-pocheco.com\/index.php\/webinaire-diane-dupre\/#breadcrumb"},"inLanguage":"fr-FR","potentialAction":[{"@type":"ReadAction","target":["https:\/\/les-formations-pocheco.com\/index.php\/webinaire-diane-dupre\/"]}]},{"@type":"ImageObject","inLanguage":"fr-FR","@id":"https:\/\/les-formations-pocheco.com\/index.php\/webinaire-diane-dupre\/#primaryimage","url":"https:\/\/les-formations-pocheco.com\/wp-content\/uploads\/2024\/12\/rde-webinaire.png","contentUrl":"https:\/\/les-formations-pocheco.com\/wp-content\/uploads\/2024\/12\/rde-webinaire.png","width":2560,"height":937},{"@type":"BreadcrumbList","@id":"https:\/\/les-formations-pocheco.com\/index.php\/webinaire-diane-dupre\/#breadcrumb","itemListElement":[{"@type":"ListItem","position":1,"name":"Accueil","item":"https:\/\/les-formations-pocheco.com\/"},{"@type":"ListItem","position":2,"name":"Webinaire Diane Dupre"}]},{"@type":"WebSite","@id":"https:\/\/les-formations-pocheco.com\/#website","url":"https:\/\/les-formations-pocheco.com\/","name":"Les formations Pocheco","description":"","publisher":{"@id":"https:\/\/les-formations-pocheco.com\/#organization"},"potentialAction":[{"@type":"SearchAction","target":{"@type":"EntryPoint","urlTemplate":"https:\/\/les-formations-pocheco.com\/?s={search_term_string}"},"query-input":"required name=search_term_string"}],"inLanguage":"fr-FR"},{"@type":"Organization","@id":"https:\/\/les-formations-pocheco.com\/#organization","name":"Les formations Pocheco","url":"https:\/\/les-formations-pocheco.com\/","logo":{"@type":"ImageObject","inLanguage":"fr-FR","@id":"https:\/\/les-formations-pocheco.com\/#\/schema\/logo\/image\/","url":"https:\/\/les-formations-pocheco.com\/wp-content\/uploads\/2021\/10\/formations.png","contentUrl":"https:\/\/les-formations-pocheco.com\/wp-content\/uploads\/2021\/10\/formations.png","width":500,"height":300,"caption":"Les formations Pocheco"},"image":{"@id":"https:\/\/les-formations-pocheco.com\/#\/schema\/logo\/image\/"}}]}},"_links":{"self":[{"href":"https:\/\/les-formations-pocheco.com\/index.php\/wp-json\/wp\/v2\/pages\/12177"}],"collection":[{"href":"https:\/\/les-formations-pocheco.com\/index.php\/wp-json\/wp\/v2\/pages"}],"about":[{"href":"https:\/\/les-formations-pocheco.com\/index.php\/wp-json\/wp\/v2\/types\/page"}],"author":[{"embeddable":true,"href":"https:\/\/les-formations-pocheco.com\/index.php\/wp-json\/wp\/v2\/users\/25"}],"replies":[{"embeddable":true,"href":"https:\/\/les-formations-pocheco.com\/index.php\/wp-json\/wp\/v2\/comments?post=12177"}],"version-history":[{"count":20,"href":"https:\/\/les-formations-pocheco.com\/index.php\/wp-json\/wp\/v2\/pages\/12177\/revisions"}],"predecessor-version":[{"id":12253,"href":"https:\/\/les-formations-pocheco.com\/index.php\/wp-json\/wp\/v2\/pages\/12177\/revisions\/12253"}],"wp:attachment":[{"href":"https:\/\/les-formations-pocheco.com\/index.php\/wp-json\/wp\/v2\/media?parent=12177"}],"curies":[{"name":"wp","href":"https:\/\/api.w.org\/{rel}","templated":true}]}}